{"id":194,"date":"2025-02-25T17:34:23","date_gmt":"2025-02-25T16:34:23","guid":{"rendered":"https:\/\/mgmsport.it\/rho\/?page_id=194"},"modified":"2025-06-20T14:44:10","modified_gmt":"2025-06-20T12:44:10","slug":"acqua-gym","status":"publish","type":"page","link":"https:\/\/mgmsport.it\/rho\/acqua-fitness\/acqua-gym\/","title":{"rendered":"Acqua gym"},"content":{"rendered":"\n<p>ACQUA GYM \u00e8 un&#8217;attivit\u00e0 che consiste nel fare ginnastica in acqua a ritmo di musica.<\/p>\n\n\n\n<p>L&#8217;obiettivo del corso \u00e8 quello di TONIFICARE tutti i muscoli del corpo grazie alla resistenza dell&#8217;acqua e al galleggiamento.<\/p>\n\n\n\n<p>Durante la lezioni verranno eseguiti esercizi a CORPO LIBERO oppure utilizzando PICCOLI ATTREZZI come manubri, cavigliere, tondoludo, happy flower.<\/p>\n","protected":false},"excerpt":{"rendered":"<p>ACQUA GYM \u00e8 un&#8217;attivit\u00e0 che consiste nel fare ginnastica in acqua a ritmo di musica. L&#8217;obiettivo del corso \u00e8 quello di TONIFICARE tutti i muscoli del corpo grazie alla resistenza dell&#8217;acqua e al galleggiamento. Durante la lezioni verranno eseguiti esercizi a CORPO LIBERO oppure utilizzando PICCOLI ATTREZZI come manubri, cavigliere, tondoludo, happy flower.<\/p>\n","protected":false},"author":1,"featured_media":605,"parent":178,"menu_order":0,"comment_status":"closed","ping_status":"closed","template":"","meta":{"_acf_changed":false,"footnotes":""},"attivita":[10],"class_list":["post-194","page","type-page","status-publish","has-post-thumbnail","hentry"],"acf":[],"yoast_head":"<!-- This site is optimized with the Yoast SEO plugin v27.3 - https:\/\/yoast.com\/product\/yoast-seo-wordpress\/ -->\n<title>Acqua gym - MGM Sport Rho<\/title>\n<meta name=\"robots\" content=\"index, follow, max-snippet:-1, max-image-preview:large, max-video-preview:-1\" \/>\n<link rel=\"canonical\" href=\"https:\/\/mgmsport.it\/rho\/acqua-fitness\/acqua-gym\/\" \/>\n<meta property=\"og:locale\" content=\"it_IT\" \/>\n<meta property=\"og:type\" content=\"article\" \/>\n<meta property=\"og:title\" content=\"Acqua gym - MGM Sport Rho\" \/>\n<meta property=\"og:description\" content=\"ACQUA GYM \u00e8 un&#8217;attivit\u00e0 che consiste nel fare ginnastica in acqua a ritmo di musica. L&#8217;obiettivo del corso \u00e8 quello di TONIFICARE tutti i muscoli del corpo grazie alla resistenza dell&#8217;acqua e al galleggiamento. Durante la lezioni verranno eseguiti esercizi a CORPO LIBERO oppure utilizzando PICCOLI ATTREZZI come manubri, cavigliere, tondoludo, happy flower.\" \/>\n<meta property=\"og:url\" content=\"https:\/\/mgmsport.it\/rho\/acqua-fitness\/acqua-gym\/\" \/>\n<meta property=\"og:site_name\" content=\"MGM Sport Rho\" \/>\n<meta property=\"article:modified_time\" content=\"2025-06-20T12:44:10+00:00\" \/>\n<meta property=\"og:image\" content=\"https:\/\/mgmsport.it\/rho\/wp-content\/uploads\/sites\/4\/2025\/04\/ChatGPT-Image-Apr-8-2025-04_46_58-PM.webp\" \/>\n\t<meta property=\"og:image:width\" content=\"1536\" \/>\n\t<meta property=\"og:image:height\" content=\"1024\" \/>\n\t<meta property=\"og:image:type\" content=\"image\/webp\" \/>\n<meta name=\"twitter:card\" content=\"summary_large_image\" \/>\n<meta name=\"twitter:label1\" content=\"Tempo di lettura stimato\" \/>\n\t<meta name=\"twitter:data1\" content=\"1 minuto\" \/>\n<script type=\"application\/ld+json\" class=\"yoast-schema-graph\">{\"@context\":\"https:\\\/\\\/schema.org\",\"@graph\":[{\"@type\":\"WebPage\",\"@id\":\"https:\\\/\\\/mgmsport.it\\\/rho\\\/acqua-fitness\\\/acqua-gym\\\/\",\"url\":\"https:\\\/\\\/mgmsport.it\\\/rho\\\/acqua-fitness\\\/acqua-gym\\\/\",\"name\":\"Acqua gym - MGM Sport Rho\",\"isPartOf\":{\"@id\":\"https:\\\/\\\/mgmsport.it\\\/rho\\\/#website\"},\"primaryImageOfPage\":{\"@id\":\"https:\\\/\\\/mgmsport.it\\\/rho\\\/acqua-fitness\\\/acqua-gym\\\/#primaryimage\"},\"image\":{\"@id\":\"https:\\\/\\\/mgmsport.it\\\/rho\\\/acqua-fitness\\\/acqua-gym\\\/#primaryimage\"},\"thumbnailUrl\":\"https:\\\/\\\/mgmsport.it\\\/rho\\\/wp-content\\\/uploads\\\/sites\\\/4\\\/2025\\\/04\\\/ChatGPT-Image-Apr-8-2025-04_46_58-PM.webp\",\"datePublished\":\"2025-02-25T16:34:23+00:00\",\"dateModified\":\"2025-06-20T12:44:10+00:00\",\"breadcrumb\":{\"@id\":\"https:\\\/\\\/mgmsport.it\\\/rho\\\/acqua-fitness\\\/acqua-gym\\\/#breadcrumb\"},\"inLanguage\":\"it-IT\",\"potentialAction\":[{\"@type\":\"ReadAction\",\"target\":[\"https:\\\/\\\/mgmsport.it\\\/rho\\\/acqua-fitness\\\/acqua-gym\\\/\"]}]},{\"@type\":\"ImageObject\",\"inLanguage\":\"it-IT\",\"@id\":\"https:\\\/\\\/mgmsport.it\\\/rho\\\/acqua-fitness\\\/acqua-gym\\\/#primaryimage\",\"url\":\"https:\\\/\\\/mgmsport.it\\\/rho\\\/wp-content\\\/uploads\\\/sites\\\/4\\\/2025\\\/04\\\/ChatGPT-Image-Apr-8-2025-04_46_58-PM.webp\",\"contentUrl\":\"https:\\\/\\\/mgmsport.it\\\/rho\\\/wp-content\\\/uploads\\\/sites\\\/4\\\/2025\\\/04\\\/ChatGPT-Image-Apr-8-2025-04_46_58-PM.webp\",\"width\":1536,\"height\":1024},{\"@type\":\"BreadcrumbList\",\"@id\":\"https:\\\/\\\/mgmsport.it\\\/rho\\\/acqua-fitness\\\/acqua-gym\\\/#breadcrumb\",\"itemListElement\":[{\"@type\":\"ListItem\",\"position\":1,\"name\":\"Home\",\"item\":\"https:\\\/\\\/mgmsport.it\\\/rho\\\/\"},{\"@type\":\"ListItem\",\"position\":2,\"name\":\"Acqua fitness\",\"item\":\"https:\\\/\\\/mgmsport.it\\\/rho\\\/acqua-fitness\\\/\"},{\"@type\":\"ListItem\",\"position\":3,\"name\":\"Acqua gym\"}]},{\"@type\":\"WebSite\",\"@id\":\"https:\\\/\\\/mgmsport.it\\\/rho\\\/#website\",\"url\":\"https:\\\/\\\/mgmsport.it\\\/rho\\\/\",\"name\":\"MGM Sport Rho\",\"description\":\"\",\"potentialAction\":[{\"@type\":\"SearchAction\",\"target\":{\"@type\":\"EntryPoint\",\"urlTemplate\":\"https:\\\/\\\/mgmsport.it\\\/rho\\\/?s={search_term_string}\"},\"query-input\":{\"@type\":\"PropertyValueSpecification\",\"valueRequired\":true,\"valueName\":\"search_term_string\"}}],\"inLanguage\":\"it-IT\"}]}<\/script>\n<!-- \/ Yoast SEO plugin. -->","yoast_head_json":{"title":"Acqua gym - MGM Sport Rho","robots":{"index":"index","follow":"follow","max-snippet":"max-snippet:-1","max-image-preview":"max-image-preview:large","max-video-preview":"max-video-preview:-1"},"canonical":"https:\/\/mgmsport.it\/rho\/acqua-fitness\/acqua-gym\/","og_locale":"it_IT","og_type":"article","og_title":"Acqua gym - MGM Sport Rho","og_description":"ACQUA GYM \u00e8 un&#8217;attivit\u00e0 che consiste nel fare ginnastica in acqua a ritmo di musica. L&#8217;obiettivo del corso \u00e8 quello di TONIFICARE tutti i muscoli del corpo grazie alla resistenza dell&#8217;acqua e al galleggiamento. Durante la lezioni verranno eseguiti esercizi a CORPO LIBERO oppure utilizzando PICCOLI ATTREZZI come manubri, cavigliere, tondoludo, happy flower.","og_url":"https:\/\/mgmsport.it\/rho\/acqua-fitness\/acqua-gym\/","og_site_name":"MGM Sport Rho","article_modified_time":"2025-06-20T12:44:10+00:00","og_image":[{"width":1536,"height":1024,"url":"https:\/\/mgmsport.it\/rho\/wp-content\/uploads\/sites\/4\/2025\/04\/ChatGPT-Image-Apr-8-2025-04_46_58-PM.webp","type":"image\/webp"}],"twitter_card":"summary_large_image","twitter_misc":{"Tempo di lettura stimato":"1 minuto"},"schema":{"@context":"https:\/\/schema.org","@graph":[{"@type":"WebPage","@id":"https:\/\/mgmsport.it\/rho\/acqua-fitness\/acqua-gym\/","url":"https:\/\/mgmsport.it\/rho\/acqua-fitness\/acqua-gym\/","name":"Acqua gym - MGM Sport Rho","isPartOf":{"@id":"https:\/\/mgmsport.it\/rho\/#website"},"primaryImageOfPage":{"@id":"https:\/\/mgmsport.it\/rho\/acqua-fitness\/acqua-gym\/#primaryimage"},"image":{"@id":"https:\/\/mgmsport.it\/rho\/acqua-fitness\/acqua-gym\/#primaryimage"},"thumbnailUrl":"https:\/\/mgmsport.it\/rho\/wp-content\/uploads\/sites\/4\/2025\/04\/ChatGPT-Image-Apr-8-2025-04_46_58-PM.webp","datePublished":"2025-02-25T16:34:23+00:00","dateModified":"2025-06-20T12:44:10+00:00","breadcrumb":{"@id":"https:\/\/mgmsport.it\/rho\/acqua-fitness\/acqua-gym\/#breadcrumb"},"inLanguage":"it-IT","potentialAction":[{"@type":"ReadAction","target":["https:\/\/mgmsport.it\/rho\/acqua-fitness\/acqua-gym\/"]}]},{"@type":"ImageObject","inLanguage":"it-IT","@id":"https:\/\/mgmsport.it\/rho\/acqua-fitness\/acqua-gym\/#primaryimage","url":"https:\/\/mgmsport.it\/rho\/wp-content\/uploads\/sites\/4\/2025\/04\/ChatGPT-Image-Apr-8-2025-04_46_58-PM.webp","contentUrl":"https:\/\/mgmsport.it\/rho\/wp-content\/uploads\/sites\/4\/2025\/04\/ChatGPT-Image-Apr-8-2025-04_46_58-PM.webp","width":1536,"height":1024},{"@type":"BreadcrumbList","@id":"https:\/\/mgmsport.it\/rho\/acqua-fitness\/acqua-gym\/#breadcrumb","itemListElement":[{"@type":"ListItem","position":1,"name":"Home","item":"https:\/\/mgmsport.it\/rho\/"},{"@type":"ListItem","position":2,"name":"Acqua fitness","item":"https:\/\/mgmsport.it\/rho\/acqua-fitness\/"},{"@type":"ListItem","position":3,"name":"Acqua gym"}]},{"@type":"WebSite","@id":"https:\/\/mgmsport.it\/rho\/#website","url":"https:\/\/mgmsport.it\/rho\/","name":"MGM Sport Rho","description":"","potentialAction":[{"@type":"SearchAction","target":{"@type":"EntryPoint","urlTemplate":"https:\/\/mgmsport.it\/rho\/?s={search_term_string}"},"query-input":{"@type":"PropertyValueSpecification","valueRequired":true,"valueName":"search_term_string"}}],"inLanguage":"it-IT"}]}},"_links":{"self":[{"href":"https:\/\/mgmsport.it\/rho\/wp-json\/wp\/v2\/pages\/194","targetHints":{"allow":["GET"]}}],"collection":[{"href":"https:\/\/mgmsport.it\/rho\/wp-json\/wp\/v2\/pages"}],"about":[{"href":"https:\/\/mgmsport.it\/rho\/wp-json\/wp\/v2\/types\/page"}],"author":[{"embeddable":true,"href":"https:\/\/mgmsport.it\/rho\/wp-json\/wp\/v2\/users\/1"}],"replies":[{"embeddable":true,"href":"https:\/\/mgmsport.it\/rho\/wp-json\/wp\/v2\/comments?post=194"}],"version-history":[{"count":4,"href":"https:\/\/mgmsport.it\/rho\/wp-json\/wp\/v2\/pages\/194\/revisions"}],"predecessor-version":[{"id":1026,"href":"https:\/\/mgmsport.it\/rho\/wp-json\/wp\/v2\/pages\/194\/revisions\/1026"}],"up":[{"embeddable":true,"href":"https:\/\/mgmsport.it\/rho\/wp-json\/wp\/v2\/pages\/178"}],"wp:featuredmedia":[{"embeddable":true,"href":"https:\/\/mgmsport.it\/rho\/wp-json\/wp\/v2\/media\/605"}],"wp:attachment":[{"href":"https:\/\/mgmsport.it\/rho\/wp-json\/wp\/v2\/media?parent=194"}],"wp:term":[{"taxonomy":"attivita","embeddable":true,"href":"https:\/\/mgmsport.it\/rho\/wp-json\/wp\/v2\/attivita?post=194"}],"curies":[{"name":"wp","href":"https:\/\/api.w.org\/{rel}","templated":true}]}}