{"id":317,"date":"2025-02-27T11:18:52","date_gmt":"2025-02-27T10:18:52","guid":{"rendered":"https:\/\/mgmsport.it\/rho\/?page_id=317"},"modified":"2026-01-22T17:00:16","modified_gmt":"2026-01-22T16:00:16","slug":"consulenza","status":"publish","type":"page","link":"https:\/\/mgmsport.it\/rho\/consulenza\/","title":{"rendered":"Consulenza"},"content":{"rendered":"\t\t<div data-elementor-type=\"wp-page\" data-elementor-id=\"317\" class=\"elementor elementor-317\" data-elementor-post-type=\"page\">\n\t\t\t\t<div class=\"elementor-element elementor-element-01d2e33 e-flex e-con-boxed e-con e-parent\" data-id=\"01d2e33\" data-element_type=\"container\" data-e-type=\"container\" data-settings=\"{&quot;background_background&quot;:&quot;classic&quot;}\">\n\t\t\t\t\t<div class=\"e-con-inner\">\n\t\t\t\t\t<\/div>\n\t\t\t\t<\/div>\n\t\t<div class=\"elementor-element elementor-element-5e74e7bb e-flex e-con-boxed e-con e-parent\" data-id=\"5e74e7bb\" data-element_type=\"container\" data-e-type=\"container\">\n\t\t\t\t\t<div class=\"e-con-inner\">\n\t\t\t\t<div class=\"elementor-element elementor-element-345db896 elementor-widget elementor-widget-text-editor\" data-id=\"345db896\" data-element_type=\"widget\" data-e-type=\"widget\" data-widget_type=\"text-editor.default\">\n\t\t\t\t<div class=\"elementor-widget-container\">\n\t\t\t\t\t\t\t\t\t\n<p><strong>Chi Siamo<\/strong><\/p>\n\n<p>La MGM \u00e8 una societ\u00e0 specializzata nella costruzione e gestione di piscine e impianti tecnologici per strutture sportive e piscine pubbliche. Con oltre 40 anni di esperienza nel settore, ci occupiamo anche di edilizia per strutture sportive e della gestione di impianti sportivi e natatori, sia pubblici che privati.<\/p>\n\n<p><strong>La Nostra Missione<\/strong><\/p>\n\n<p>Da sempre ci impegniamo a garantire la massima qualit\u00e0 e innovazione nei nostri progetti, offrendo soluzioni personalizzate e all&#8217;avanguardia per soddisfare le esigenze dei nostri clienti. La nostra lunga esperienza sul territorio ci ha permesso di sviluppare una profonda conoscenza delle dinamiche locali, rendendoci un partner affidabile per amministrazioni pubbliche e privati.<\/p>\n\n<p><strong>Cosa Offriamo<\/strong><\/p>\n\n<ul class=\"wp-block-list\">\n<li><strong>Costruzione e Ristrutturazione:<\/strong> Realizziamo piscine, impianti sportivi e infrastrutture tecnologiche con un approccio su misura per ogni cliente.<\/li>\n\n<li><strong>Gestione:<\/strong> Ci occupiamo della gestione operativa di impianti sportivi e natatori, garantendo elevati standard di servizio e manutenzione.<\/li>\n\n<li><strong>Consulenza e Collaborazione:<\/strong> Forniamo supporto tecnico e amministrativo ad amministrazioni pubbliche e privati per progetti di nuova realizzazione o riqualificazione. Per la progettazione ci avvaliamo della collaborazione con partner esterni altamente qualificati. Da anni collaboriamo con partner di fiducia specializzati in progettazione e pratiche come PPP e project financing.<\/li>\n<\/ul>\n\n<p><strong>Perch\u00e9 Sceglierci<\/strong><\/p>\n\n<p>Grazie alla nostra esperienza pluridecennale, siamo in grado di offrire un servizio completo, che va dalla realizzazione alla gestione degli impianti. Crediamo nell&#8217;importanza di un rapporto diretto con i nostri clienti, supportandoli in ogni fase del progetto e proponendo soluzioni innovative per valorizzare ogni struttura.<\/p>\n\n<p><strong>Sei alla ricerca di un partner affidabile?<\/strong> Siamo sempre alla ricerca di nuove sfide e opportunit\u00e0 di gestione. Se sei un&#8217;amministrazione pubblica o un privato alla ricerca di una societ\u00e0 per ristrutturare, costruire o gestire grandi strutture sportive, non esitare a contattarci. MGM \u00e8 il partner ideale per trasformare le tue idee in realt\u00e0.<\/p>\n\t\t\t\t\t\t\t\t<\/div>\n\t\t\t\t<\/div>\n\t\t\t\t<div class=\"elementor-element elementor-element-f97f7df elementor-arrows-position-outside elementor-widget elementor-widget-image-carousel\" data-id=\"f97f7df\" data-element_type=\"widget\" data-e-type=\"widget\" data-settings=\"{&quot;slides_to_show&quot;:&quot;2&quot;,&quot;navigation&quot;:&quot;arrows&quot;,&quot;autoplay&quot;:&quot;yes&quot;,&quot;pause_on_hover&quot;:&quot;yes&quot;,&quot;pause_on_interaction&quot;:&quot;yes&quot;,&quot;autoplay_speed&quot;:5000,&quot;infinite&quot;:&quot;yes&quot;,&quot;speed&quot;:500,&quot;image_spacing_custom&quot;:{&quot;unit&quot;:&quot;px&quot;,&quot;size&quot;:20,&quot;sizes&quot;:[]},&quot;image_spacing_custom_tablet_extra&quot;:{&quot;unit&quot;:&quot;px&quot;,&quot;size&quot;:&quot;&quot;,&quot;sizes&quot;:[]},&quot;image_spacing_custom_tablet&quot;:{&quot;unit&quot;:&quot;px&quot;,&quot;size&quot;:&quot;&quot;,&quot;sizes&quot;:[]},&quot;image_spacing_custom_mobile&quot;:{&quot;unit&quot;:&quot;px&quot;,&quot;size&quot;:&quot;&quot;,&quot;sizes&quot;:[]}}\" data-widget_type=\"image-carousel.default\">\n\t\t\t\t<div class=\"elementor-widget-container\">\n\t\t\t\t\t\t\t<div class=\"elementor-image-carousel-wrapper swiper\" role=\"region\" aria-roledescription=\"carousel\" aria-label=\"Carosello d&#039;immagini\" dir=\"ltr\">\n\t\t\t<div class=\"elementor-image-carousel swiper-wrapper\" aria-live=\"off\">\n\t\t\t\t\t\t\t\t<div class=\"swiper-slide\" role=\"group\" aria-roledescription=\"slide\" aria-label=\"1 di 16\"><figure class=\"swiper-slide-inner\"><img decoding=\"async\" class=\"swiper-slide-image\" src=\"https:\/\/mgmsport.it\/rho\/wp-content\/uploads\/sites\/4\/2025\/06\/Group-196.jpg\" alt=\"Group 196\" \/><\/figure><\/div><div class=\"swiper-slide\" role=\"group\" aria-roledescription=\"slide\" aria-label=\"2 di 16\"><figure class=\"swiper-slide-inner\"><img decoding=\"async\" class=\"swiper-slide-image\" src=\"https:\/\/mgmsport.it\/rho\/wp-content\/uploads\/sites\/4\/2025\/06\/Group-197.jpg\" alt=\"Group 197\" \/><\/figure><\/div><div class=\"swiper-slide\" role=\"group\" aria-roledescription=\"slide\" aria-label=\"3 di 16\"><figure class=\"swiper-slide-inner\"><img decoding=\"async\" class=\"swiper-slide-image\" src=\"https:\/\/mgmsport.it\/rho\/wp-content\/uploads\/sites\/4\/2025\/06\/Group-198.jpg\" alt=\"Group 198\" \/><\/figure><\/div><div class=\"swiper-slide\" role=\"group\" aria-roledescription=\"slide\" aria-label=\"4 di 16\"><figure class=\"swiper-slide-inner\"><img decoding=\"async\" class=\"swiper-slide-image\" src=\"https:\/\/mgmsport.it\/rho\/wp-content\/uploads\/sites\/4\/2025\/06\/Group-199.jpg\" alt=\"Group 199\" \/><\/figure><\/div><div class=\"swiper-slide\" role=\"group\" aria-roledescription=\"slide\" aria-label=\"5 di 16\"><figure class=\"swiper-slide-inner\"><img decoding=\"async\" class=\"swiper-slide-image\" src=\"https:\/\/mgmsport.it\/rho\/wp-content\/uploads\/sites\/4\/2025\/06\/Group-200.jpg\" alt=\"Group 200\" \/><\/figure><\/div><div class=\"swiper-slide\" role=\"group\" aria-roledescription=\"slide\" aria-label=\"6 di 16\"><figure class=\"swiper-slide-inner\"><img decoding=\"async\" class=\"swiper-slide-image\" src=\"https:\/\/mgmsport.it\/rho\/wp-content\/uploads\/sites\/4\/2025\/06\/Group-201.jpg\" alt=\"Group 201\" \/><\/figure><\/div><div class=\"swiper-slide\" role=\"group\" aria-roledescription=\"slide\" aria-label=\"7 di 16\"><figure class=\"swiper-slide-inner\"><img decoding=\"async\" class=\"swiper-slide-image\" src=\"https:\/\/mgmsport.it\/rho\/wp-content\/uploads\/sites\/4\/2025\/06\/Group-202.jpg\" alt=\"Group 202\" \/><\/figure><\/div><div class=\"swiper-slide\" role=\"group\" aria-roledescription=\"slide\" aria-label=\"8 di 16\"><figure class=\"swiper-slide-inner\"><img decoding=\"async\" class=\"swiper-slide-image\" src=\"https:\/\/mgmsport.it\/rho\/wp-content\/uploads\/sites\/4\/2025\/06\/Group-203.jpg\" alt=\"Group 203\" \/><\/figure><\/div><div class=\"swiper-slide\" role=\"group\" aria-roledescription=\"slide\" aria-label=\"9 di 16\"><figure class=\"swiper-slide-inner\"><img decoding=\"async\" class=\"swiper-slide-image\" src=\"https:\/\/mgmsport.it\/rho\/wp-content\/uploads\/sites\/4\/2025\/06\/Group-204.jpg\" alt=\"Group 204\" \/><\/figure><\/div><div class=\"swiper-slide\" role=\"group\" aria-roledescription=\"slide\" aria-label=\"10 di 16\"><figure class=\"swiper-slide-inner\"><img decoding=\"async\" class=\"swiper-slide-image\" src=\"https:\/\/mgmsport.it\/rho\/wp-content\/uploads\/sites\/4\/2025\/06\/Group-205.jpg\" alt=\"Group 205\" \/><\/figure><\/div><div class=\"swiper-slide\" role=\"group\" aria-roledescription=\"slide\" aria-label=\"11 di 16\"><figure class=\"swiper-slide-inner\"><img decoding=\"async\" class=\"swiper-slide-image\" src=\"https:\/\/mgmsport.it\/rho\/wp-content\/uploads\/sites\/4\/2025\/06\/Group-221.jpg\" alt=\"Group 221\" \/><\/figure><\/div><div class=\"swiper-slide\" role=\"group\" aria-roledescription=\"slide\" aria-label=\"12 di 16\"><figure class=\"swiper-slide-inner\"><img decoding=\"async\" class=\"swiper-slide-image\" src=\"https:\/\/mgmsport.it\/rho\/wp-content\/uploads\/sites\/4\/2025\/06\/Group-222.jpg\" alt=\"Group 222\" \/><\/figure><\/div><div class=\"swiper-slide\" role=\"group\" aria-roledescription=\"slide\" aria-label=\"13 di 16\"><figure class=\"swiper-slide-inner\"><img decoding=\"async\" class=\"swiper-slide-image\" src=\"https:\/\/mgmsport.it\/rho\/wp-content\/uploads\/sites\/4\/2026\/01\/Group-223.jpg\" alt=\"Group-223\" \/><\/figure><\/div><div class=\"swiper-slide\" role=\"group\" aria-roledescription=\"slide\" aria-label=\"14 di 16\"><figure class=\"swiper-slide-inner\"><img decoding=\"async\" class=\"swiper-slide-image\" src=\"https:\/\/mgmsport.it\/rho\/wp-content\/uploads\/sites\/4\/2026\/01\/Group-224.jpg\" alt=\"Group-224\" \/><\/figure><\/div><div class=\"swiper-slide\" role=\"group\" aria-roledescription=\"slide\" aria-label=\"15 di 16\"><figure class=\"swiper-slide-inner\"><img decoding=\"async\" class=\"swiper-slide-image\" src=\"https:\/\/mgmsport.it\/rho\/wp-content\/uploads\/sites\/4\/2026\/01\/Group-225.jpg\" alt=\"Group-225\" \/><\/figure><\/div><div class=\"swiper-slide\" role=\"group\" aria-roledescription=\"slide\" aria-label=\"16 di 16\"><figure class=\"swiper-slide-inner\"><img decoding=\"async\" class=\"swiper-slide-image\" src=\"https:\/\/mgmsport.it\/rho\/wp-content\/uploads\/sites\/4\/2026\/01\/Progetto-senza-titolo-1.png\" alt=\"Progetto senza titolo (1)\" \/><\/figure><\/div>\t\t\t<\/div>\n\t\t\t\t\t\t\t\t\t\t\t\t<div class=\"elementor-swiper-button elementor-swiper-button-prev\" role=\"button\" tabindex=\"0\">\n\t\t\t\t\t\t<svg aria-hidden=\"true\" class=\"e-font-icon-svg e-eicon-chevron-left\" viewBox=\"0 0 1000 1000\" xmlns=\"http:\/\/www.w3.org\/2000\/svg\"><path d=\"M646 125C629 125 613 133 604 142L308 442C296 454 292 471 292 487 292 504 296 521 308 533L604 854C617 867 629 875 646 875 663 875 679 871 692 858 704 846 713 829 713 812 713 796 708 779 692 767L438 487 692 225C700 217 708 204 708 187 708 171 704 154 692 142 675 129 663 125 646 125Z\"><\/path><\/svg>\t\t\t\t\t<\/div>\n\t\t\t\t\t<div class=\"elementor-swiper-button elementor-swiper-button-next\" role=\"button\" tabindex=\"0\">\n\t\t\t\t\t\t<svg aria-hidden=\"true\" class=\"e-font-icon-svg e-eicon-chevron-right\" viewBox=\"0 0 1000 1000\" xmlns=\"http:\/\/www.w3.org\/2000\/svg\"><path d=\"M696 533C708 521 713 504 713 487 713 471 708 454 696 446L400 146C388 133 375 125 354 125 338 125 325 129 313 142 300 154 292 171 292 187 292 204 296 221 308 233L563 492 304 771C292 783 288 800 288 817 288 833 296 850 308 863 321 871 338 875 354 875 371 875 388 867 400 854L696 533Z\"><\/path><\/svg>\t\t\t\t\t<\/div>\n\t\t\t\t\n\t\t\t\t\t\t\t\t\t<\/div>\n\t\t\t\t\t\t<\/div>\n\t\t\t\t<\/div>\n\t\t\t\t\t<\/div>\n\t\t\t\t<\/div>\n\t\t<div class=\"elementor-element elementor-element-17944c6 e-flex e-con-boxed e-con e-parent\" data-id=\"17944c6\" data-element_type=\"container\" data-e-type=\"container\">\n\t\t\t\t\t<div class=\"e-con-inner\">\n\t\t\t\t<div class=\"elementor-element elementor-element-20a96b0 elementor-arrows-position-inside elementor-widget elementor-widget-image-carousel\" data-id=\"20a96b0\" data-element_type=\"widget\" data-e-type=\"widget\" data-settings=\"{&quot;slides_to_show&quot;:&quot;5&quot;,&quot;navigation&quot;:&quot;arrows&quot;,&quot;autoplay&quot;:&quot;yes&quot;,&quot;pause_on_hover&quot;:&quot;yes&quot;,&quot;pause_on_interaction&quot;:&quot;yes&quot;,&quot;autoplay_speed&quot;:5000,&quot;infinite&quot;:&quot;yes&quot;,&quot;speed&quot;:500}\" data-widget_type=\"image-carousel.default\">\n\t\t\t\t<div class=\"elementor-widget-container\">\n\t\t\t\t\t\t\t<div class=\"elementor-image-carousel-wrapper swiper\" role=\"region\" aria-roledescription=\"carousel\" aria-label=\"CaroselloPartner\" dir=\"ltr\">\n\t\t\t<div class=\"elementor-image-carousel swiper-wrapper\" aria-live=\"off\">\n\t\t\t\t\t\t\t\t<div class=\"swiper-slide\" role=\"group\" aria-roledescription=\"slide\" aria-label=\"1 di 13\"><figure class=\"swiper-slide-inner\"><img decoding=\"async\" class=\"swiper-slide-image\" src=\"https:\/\/mgmsport.it\/rho\/wp-content\/uploads\/sites\/4\/2025\/06\/logoPartenerAllSoccer-MGM-1.png\" alt=\"logoPartenerAllSoccer-MGM-1\" \/><\/figure><\/div><div class=\"swiper-slide\" role=\"group\" aria-roledescription=\"slide\" aria-label=\"2 di 13\"><figure class=\"swiper-slide-inner\"><img decoding=\"async\" class=\"swiper-slide-image\" src=\"https:\/\/mgmsport.it\/rho\/wp-content\/uploads\/sites\/4\/2025\/06\/logoPartenerAllSoccer-MGM-2.png\" alt=\"logoPartenerAllSoccer-MGM-2\" \/><\/figure><\/div><div class=\"swiper-slide\" role=\"group\" aria-roledescription=\"slide\" aria-label=\"3 di 13\"><figure class=\"swiper-slide-inner\"><img decoding=\"async\" class=\"swiper-slide-image\" src=\"https:\/\/mgmsport.it\/rho\/wp-content\/uploads\/sites\/4\/2025\/06\/logoPartenerAllSoccer-MGM.png\" alt=\"logoPartenerAllSoccer-MGM\" \/><\/figure><\/div><div class=\"swiper-slide\" role=\"group\" aria-roledescription=\"slide\" aria-label=\"4 di 13\"><figure class=\"swiper-slide-inner\"><img decoding=\"async\" class=\"swiper-slide-image\" src=\"https:\/\/mgmsport.it\/rho\/wp-content\/uploads\/sites\/4\/2025\/06\/logoPartenerAqquatix-MGM.png\" alt=\"logoPartenerAqquatix-MGM\" \/><\/figure><\/div><div class=\"swiper-slide\" role=\"group\" aria-roledescription=\"slide\" aria-label=\"5 di 13\"><figure class=\"swiper-slide-inner\"><img decoding=\"async\" class=\"swiper-slide-image\" src=\"https:\/\/mgmsport.it\/rho\/wp-content\/uploads\/sites\/4\/2025\/06\/logoPartenerArena-MGM.png\" alt=\"logoPartenerArena-MGM\" \/><\/figure><\/div><div class=\"swiper-slide\" role=\"group\" aria-roledescription=\"slide\" aria-label=\"6 di 13\"><figure class=\"swiper-slide-inner\"><img decoding=\"async\" class=\"swiper-slide-image\" src=\"https:\/\/mgmsport.it\/rho\/wp-content\/uploads\/sites\/4\/2025\/06\/logoPartenerAstralPool-MGM.png\" alt=\"logoPartenerAstralPool-MGM\" \/><\/figure><\/div><div class=\"swiper-slide\" role=\"group\" aria-roledescription=\"slide\" aria-label=\"7 di 13\"><figure class=\"swiper-slide-inner\"><img decoding=\"async\" class=\"swiper-slide-image\" src=\"https:\/\/mgmsport.it\/rho\/wp-content\/uploads\/sites\/4\/2025\/06\/logoPartenerConi-MGM.png\" alt=\"logoPartenerConi-MGM\" \/><\/figure><\/div><div class=\"swiper-slide\" role=\"group\" aria-roledescription=\"slide\" aria-label=\"8 di 13\"><figure class=\"swiper-slide-inner\"><img decoding=\"async\" class=\"swiper-slide-image\" src=\"https:\/\/mgmsport.it\/rho\/wp-content\/uploads\/sites\/4\/2025\/06\/logoPartenerCoster-MGM.png\" alt=\"logoPartenerCoster-MGM\" \/><\/figure><\/div><div class=\"swiper-slide\" role=\"group\" aria-roledescription=\"slide\" aria-label=\"9 di 13\"><figure class=\"swiper-slide-inner\"><img decoding=\"async\" class=\"swiper-slide-image\" src=\"https:\/\/mgmsport.it\/rho\/wp-content\/uploads\/sites\/4\/2025\/06\/logoPartenerElettrica-MGM.png\" alt=\"logoPartenerElettrica-MGM\" \/><\/figure><\/div><div class=\"swiper-slide\" role=\"group\" aria-roledescription=\"slide\" aria-label=\"10 di 13\"><figure class=\"swiper-slide-inner\"><img decoding=\"async\" class=\"swiper-slide-image\" src=\"https:\/\/mgmsport.it\/rho\/wp-content\/uploads\/sites\/4\/2025\/06\/logoPartenerFIN-MGM.png\" alt=\"logoPartenerFIN-MGM\" \/><\/figure><\/div><div class=\"swiper-slide\" role=\"group\" aria-roledescription=\"slide\" aria-label=\"11 di 13\"><figure class=\"swiper-slide-inner\"><img decoding=\"async\" class=\"swiper-slide-image\" src=\"https:\/\/mgmsport.it\/rho\/wp-content\/uploads\/sites\/4\/2025\/06\/logoPartenerIES-MGM.png\" alt=\"logoPartenerIES-MGM\" \/><\/figure><\/div><div class=\"swiper-slide\" role=\"group\" aria-roledescription=\"slide\" aria-label=\"12 di 13\"><figure class=\"swiper-slide-inner\"><img decoding=\"async\" class=\"swiper-slide-image\" src=\"https:\/\/mgmsport.it\/rho\/wp-content\/uploads\/sites\/4\/2025\/06\/logoPartenerMercurio-MGM.png\" alt=\"logoPartenerMercurio-MGM\" \/><\/figure><\/div><div class=\"swiper-slide\" role=\"group\" aria-roledescription=\"slide\" aria-label=\"13 di 13\"><figure class=\"swiper-slide-inner\"><img decoding=\"async\" class=\"swiper-slide-image\" src=\"https:\/\/mgmsport.it\/rho\/wp-content\/uploads\/sites\/4\/2025\/06\/logoPartenerTennis-MGM.png\" alt=\"logoPartenerTennis-MGM\" \/><\/figure><\/div>\t\t\t<\/div>\n\t\t\t\t\t\t\t\t\t\t\t\t<div class=\"elementor-swiper-button elementor-swiper-button-prev\" role=\"button\" tabindex=\"0\">\n\t\t\t\t\t\t<svg aria-hidden=\"true\" class=\"e-font-icon-svg e-eicon-chevron-left\" viewBox=\"0 0 1000 1000\" xmlns=\"http:\/\/www.w3.org\/2000\/svg\"><path d=\"M646 125C629 125 613 133 604 142L308 442C296 454 292 471 292 487 292 504 296 521 308 533L604 854C617 867 629 875 646 875 663 875 679 871 692 858 704 846 713 829 713 812 713 796 708 779 692 767L438 487 692 225C700 217 708 204 708 187 708 171 704 154 692 142 675 129 663 125 646 125Z\"><\/path><\/svg>\t\t\t\t\t<\/div>\n\t\t\t\t\t<div class=\"elementor-swiper-button elementor-swiper-button-next\" role=\"button\" tabindex=\"0\">\n\t\t\t\t\t\t<svg aria-hidden=\"true\" class=\"e-font-icon-svg e-eicon-chevron-right\" viewBox=\"0 0 1000 1000\" xmlns=\"http:\/\/www.w3.org\/2000\/svg\"><path d=\"M696 533C708 521 713 504 713 487 713 471 708 454 696 446L400 146C388 133 375 125 354 125 338 125 325 129 313 142 300 154 292 171 292 187 292 204 296 221 308 233L563 492 304 771C292 783 288 800 288 817 288 833 296 850 308 863 321 871 338 875 354 875 371 875 388 867 400 854L696 533Z\"><\/path><\/svg>\t\t\t\t\t<\/div>\n\t\t\t\t\n\t\t\t\t\t\t\t\t\t<\/div>\n\t\t\t\t\t\t<\/div>\n\t\t\t\t<\/div>\n\t\t\t\t\t<\/div>\n\t\t\t\t<\/div>\n\t\t\t\t<\/div>\n\t\t","protected":false},"excerpt":{"rendered":"<p>Chi Siamo La MGM \u00e8 una societ\u00e0 specializzata nella costruzione e gestione di piscine e impianti tecnologici per strutture sportive e piscine pubbliche. Con oltre 40 anni di esperienza nel settore, ci occupiamo anche di edilizia per strutture sportive e della gestione di impianti sportivi e natatori, sia pubblici che privati. La Nostra Missione Da [&hellip;]<\/p>\n","protected":false},"author":1,"featured_media":674,"parent":0,"menu_order":0,"comment_status":"closed","ping_status":"closed","template":"","meta":{"_acf_changed":false,"footnotes":""},"attivita":[],"class_list":["post-317","page","type-page","status-publish","has-post-thumbnail","hentry"],"acf":[],"yoast_head":"<!-- This site is optimized with the Yoast SEO plugin v27.3 - https:\/\/yoast.com\/product\/yoast-seo-wordpress\/ -->\n<title>Consulenza - MGM Sport Rho<\/title>\n<meta name=\"robots\" content=\"index, follow, max-snippet:-1, max-image-preview:large, max-video-preview:-1\" \/>\n<link rel=\"canonical\" href=\"https:\/\/mgmsport.it\/rho\/consulenza\/\" \/>\n<meta property=\"og:locale\" content=\"it_IT\" \/>\n<meta property=\"og:type\" content=\"article\" \/>\n<meta property=\"og:title\" content=\"Consulenza - MGM Sport Rho\" \/>\n<meta property=\"og:description\" content=\"Chi Siamo La MGM \u00e8 una societ\u00e0 specializzata nella costruzione e gestione di piscine e impianti tecnologici per strutture sportive e piscine pubbliche. Con oltre 40 anni di esperienza nel settore, ci occupiamo anche di edilizia per strutture sportive e della gestione di impianti sportivi e natatori, sia pubblici che privati. La Nostra Missione Da [&hellip;]\" \/>\n<meta property=\"og:url\" content=\"https:\/\/mgmsport.it\/rho\/consulenza\/\" \/>\n<meta property=\"og:site_name\" content=\"MGM Sport Rho\" \/>\n<meta property=\"article:modified_time\" content=\"2026-01-22T16:00:16+00:00\" \/>\n<meta property=\"og:image\" content=\"https:\/\/mgmsport.it\/rho\/wp-content\/uploads\/sites\/4\/2025\/04\/consulenza.webp\" \/>\n\t<meta property=\"og:image:width\" content=\"1920\" \/>\n\t<meta property=\"og:image:height\" content=\"813\" \/>\n\t<meta property=\"og:image:type\" content=\"image\/webp\" \/>\n<meta name=\"twitter:card\" content=\"summary_large_image\" \/>\n<meta name=\"twitter:label1\" content=\"Tempo di lettura stimato\" \/>\n\t<meta name=\"twitter:data1\" content=\"11 minuti\" \/>\n<script type=\"application\/ld+json\" class=\"yoast-schema-graph\">{\"@context\":\"https:\\\/\\\/schema.org\",\"@graph\":[{\"@type\":\"WebPage\",\"@id\":\"https:\\\/\\\/mgmsport.it\\\/rho\\\/consulenza\\\/\",\"url\":\"https:\\\/\\\/mgmsport.it\\\/rho\\\/consulenza\\\/\",\"name\":\"Consulenza - MGM Sport Rho\",\"isPartOf\":{\"@id\":\"https:\\\/\\\/mgmsport.it\\\/rho\\\/#website\"},\"primaryImageOfPage\":{\"@id\":\"https:\\\/\\\/mgmsport.it\\\/rho\\\/consulenza\\\/#primaryimage\"},\"image\":{\"@id\":\"https:\\\/\\\/mgmsport.it\\\/rho\\\/consulenza\\\/#primaryimage\"},\"thumbnailUrl\":\"https:\\\/\\\/mgmsport.it\\\/rho\\\/wp-content\\\/uploads\\\/sites\\\/4\\\/2025\\\/04\\\/consulenza.webp\",\"datePublished\":\"2025-02-27T10:18:52+00:00\",\"dateModified\":\"2026-01-22T16:00:16+00:00\",\"breadcrumb\":{\"@id\":\"https:\\\/\\\/mgmsport.it\\\/rho\\\/consulenza\\\/#breadcrumb\"},\"inLanguage\":\"it-IT\",\"potentialAction\":[{\"@type\":\"ReadAction\",\"target\":[\"https:\\\/\\\/mgmsport.it\\\/rho\\\/consulenza\\\/\"]}]},{\"@type\":\"ImageObject\",\"inLanguage\":\"it-IT\",\"@id\":\"https:\\\/\\\/mgmsport.it\\\/rho\\\/consulenza\\\/#primaryimage\",\"url\":\"https:\\\/\\\/mgmsport.it\\\/rho\\\/wp-content\\\/uploads\\\/sites\\\/4\\\/2025\\\/04\\\/consulenza.webp\",\"contentUrl\":\"https:\\\/\\\/mgmsport.it\\\/rho\\\/wp-content\\\/uploads\\\/sites\\\/4\\\/2025\\\/04\\\/consulenza.webp\",\"width\":1920,\"height\":813},{\"@type\":\"BreadcrumbList\",\"@id\":\"https:\\\/\\\/mgmsport.it\\\/rho\\\/consulenza\\\/#breadcrumb\",\"itemListElement\":[{\"@type\":\"ListItem\",\"position\":1,\"name\":\"Home\",\"item\":\"https:\\\/\\\/mgmsport.it\\\/rho\\\/\"},{\"@type\":\"ListItem\",\"position\":2,\"name\":\"Consulenza\"}]},{\"@type\":\"WebSite\",\"@id\":\"https:\\\/\\\/mgmsport.it\\\/rho\\\/#website\",\"url\":\"https:\\\/\\\/mgmsport.it\\\/rho\\\/\",\"name\":\"MGM Sport Rho\",\"description\":\"\",\"potentialAction\":[{\"@type\":\"SearchAction\",\"target\":{\"@type\":\"EntryPoint\",\"urlTemplate\":\"https:\\\/\\\/mgmsport.it\\\/rho\\\/?s={search_term_string}\"},\"query-input\":{\"@type\":\"PropertyValueSpecification\",\"valueRequired\":true,\"valueName\":\"search_term_string\"}}],\"inLanguage\":\"it-IT\"}]}<\/script>\n<!-- \/ Yoast SEO plugin. -->","yoast_head_json":{"title":"Consulenza - MGM Sport Rho","robots":{"index":"index","follow":"follow","max-snippet":"max-snippet:-1","max-image-preview":"max-image-preview:large","max-video-preview":"max-video-preview:-1"},"canonical":"https:\/\/mgmsport.it\/rho\/consulenza\/","og_locale":"it_IT","og_type":"article","og_title":"Consulenza - MGM Sport Rho","og_description":"Chi Siamo La MGM \u00e8 una societ\u00e0 specializzata nella costruzione e gestione di piscine e impianti tecnologici per strutture sportive e piscine pubbliche. Con oltre 40 anni di esperienza nel settore, ci occupiamo anche di edilizia per strutture sportive e della gestione di impianti sportivi e natatori, sia pubblici che privati. La Nostra Missione Da [&hellip;]","og_url":"https:\/\/mgmsport.it\/rho\/consulenza\/","og_site_name":"MGM Sport Rho","article_modified_time":"2026-01-22T16:00:16+00:00","og_image":[{"width":1920,"height":813,"url":"https:\/\/mgmsport.it\/rho\/wp-content\/uploads\/sites\/4\/2025\/04\/consulenza.webp","type":"image\/webp"}],"twitter_card":"summary_large_image","twitter_misc":{"Tempo di lettura stimato":"11 minuti"},"schema":{"@context":"https:\/\/schema.org","@graph":[{"@type":"WebPage","@id":"https:\/\/mgmsport.it\/rho\/consulenza\/","url":"https:\/\/mgmsport.it\/rho\/consulenza\/","name":"Consulenza - MGM Sport Rho","isPartOf":{"@id":"https:\/\/mgmsport.it\/rho\/#website"},"primaryImageOfPage":{"@id":"https:\/\/mgmsport.it\/rho\/consulenza\/#primaryimage"},"image":{"@id":"https:\/\/mgmsport.it\/rho\/consulenza\/#primaryimage"},"thumbnailUrl":"https:\/\/mgmsport.it\/rho\/wp-content\/uploads\/sites\/4\/2025\/04\/consulenza.webp","datePublished":"2025-02-27T10:18:52+00:00","dateModified":"2026-01-22T16:00:16+00:00","breadcrumb":{"@id":"https:\/\/mgmsport.it\/rho\/consulenza\/#breadcrumb"},"inLanguage":"it-IT","potentialAction":[{"@type":"ReadAction","target":["https:\/\/mgmsport.it\/rho\/consulenza\/"]}]},{"@type":"ImageObject","inLanguage":"it-IT","@id":"https:\/\/mgmsport.it\/rho\/consulenza\/#primaryimage","url":"https:\/\/mgmsport.it\/rho\/wp-content\/uploads\/sites\/4\/2025\/04\/consulenza.webp","contentUrl":"https:\/\/mgmsport.it\/rho\/wp-content\/uploads\/sites\/4\/2025\/04\/consulenza.webp","width":1920,"height":813},{"@type":"BreadcrumbList","@id":"https:\/\/mgmsport.it\/rho\/consulenza\/#breadcrumb","itemListElement":[{"@type":"ListItem","position":1,"name":"Home","item":"https:\/\/mgmsport.it\/rho\/"},{"@type":"ListItem","position":2,"name":"Consulenza"}]},{"@type":"WebSite","@id":"https:\/\/mgmsport.it\/rho\/#website","url":"https:\/\/mgmsport.it\/rho\/","name":"MGM Sport Rho","description":"","potentialAction":[{"@type":"SearchAction","target":{"@type":"EntryPoint","urlTemplate":"https:\/\/mgmsport.it\/rho\/?s={search_term_string}"},"query-input":{"@type":"PropertyValueSpecification","valueRequired":true,"valueName":"search_term_string"}}],"inLanguage":"it-IT"}]}},"_links":{"self":[{"href":"https:\/\/mgmsport.it\/rho\/wp-json\/wp\/v2\/pages\/317","targetHints":{"allow":["GET"]}}],"collection":[{"href":"https:\/\/mgmsport.it\/rho\/wp-json\/wp\/v2\/pages"}],"about":[{"href":"https:\/\/mgmsport.it\/rho\/wp-json\/wp\/v2\/types\/page"}],"author":[{"embeddable":true,"href":"https:\/\/mgmsport.it\/rho\/wp-json\/wp\/v2\/users\/1"}],"replies":[{"embeddable":true,"href":"https:\/\/mgmsport.it\/rho\/wp-json\/wp\/v2\/comments?post=317"}],"version-history":[{"count":46,"href":"https:\/\/mgmsport.it\/rho\/wp-json\/wp\/v2\/pages\/317\/revisions"}],"predecessor-version":[{"id":1386,"href":"https:\/\/mgmsport.it\/rho\/wp-json\/wp\/v2\/pages\/317\/revisions\/1386"}],"wp:featuredmedia":[{"embeddable":true,"href":"https:\/\/mgmsport.it\/rho\/wp-json\/wp\/v2\/media\/674"}],"wp:attachment":[{"href":"https:\/\/mgmsport.it\/rho\/wp-json\/wp\/v2\/media?parent=317"}],"wp:term":[{"taxonomy":"attivita","embeddable":true,"href":"https:\/\/mgmsport.it\/rho\/wp-json\/wp\/v2\/attivita?post=317"}],"curies":[{"name":"wp","href":"https:\/\/api.w.org\/{rel}","templated":true}]}}