{"id":422,"date":"2025-03-18T11:33:30","date_gmt":"2025-03-18T10:33:30","guid":{"rendered":"https:\/\/mgmsport.it\/rho\/?page_id=422"},"modified":"2026-03-09T13:41:34","modified_gmt":"2026-03-09T12:41:34","slug":"camp-estivo","status":"publish","type":"page","link":"https:\/\/mgmsport.it\/rho\/camp-estivi-invernali\/camp-estivo\/","title":{"rendered":"Camp estivo"},"content":{"rendered":"\t\t<div data-elementor-type=\"wp-page\" data-elementor-id=\"422\" class=\"elementor elementor-422\" data-elementor-post-type=\"page\">\n\t\t\t\t<div class=\"elementor-element elementor-element-2fa9bc55 e-flex e-con-boxed e-con e-parent\" data-id=\"2fa9bc55\" data-element_type=\"container\" data-e-type=\"container\">\n\t\t\t\t\t<div class=\"e-con-inner\">\n\t\t\t\t<div class=\"elementor-element elementor-element-5463187a elementor-widget elementor-widget-text-editor\" data-id=\"5463187a\" data-element_type=\"widget\" data-e-type=\"widget\" data-widget_type=\"text-editor.default\">\n\t\t\t\t<div class=\"elementor-widget-container\">\n\t\t\t\t\t\t\t\t\t\n<p>Giornate intere tra divertimento in acqua, giochi e laboratori per tutti i bambini dai 6 ai 13 anni<\/p>\n\n\n\n<p>Attivit\u00e0 che si svolge dal luned\u00ec al venerd\u00ec, dalle ore 08.00 alle ore 18.00.<br>Tutti i giorni \u00e8 incluso il corso di nuoto, giochi in acqua organizzati e liberi, giochi di gruppo con il richiamo di vari sport e laboratori.<br><br>La bellezza di questa iniziativa sta nel poter utilizzare\u00a0<strong>l\u2019elemento acqua<\/strong>\u00a0in qualunque momento della giornata in modo illimitato.<br>Per i bambini dai 6 ai 13 anni \u00e8 un modo divertente e fresco di affrontare l\u2019estate!<\/p>\n\n\n\n<p><\/p>\n\t\t\t\t\t\t\t\t<\/div>\n\t\t\t\t<\/div>\n\t\t\t\t\t<\/div>\n\t\t\t\t<\/div>\n\t\t\t\t<\/div>\n\t\t","protected":false},"excerpt":{"rendered":"<p>Giornate intere tra divertimento in acqua, giochi e laboratori per tutti i bambini dai 6 ai 13 anni Attivit\u00e0 che si svolge dal luned\u00ec al venerd\u00ec, dalle ore 08.00 alle ore 18.00.Tutti i giorni \u00e8 incluso il corso di nuoto, giochi in acqua organizzati e liberi, giochi di gruppo con il richiamo di vari sport [&hellip;]<\/p>\n","protected":false},"author":1,"featured_media":621,"parent":239,"menu_order":0,"comment_status":"closed","ping_status":"closed","template":"","meta":{"_acf_changed":false,"footnotes":""},"attivita":[15],"class_list":["post-422","page","type-page","status-publish","has-post-thumbnail","hentry"],"acf":[],"yoast_head":"<!-- This site is optimized with the Yoast SEO plugin v27.3 - https:\/\/yoast.com\/product\/yoast-seo-wordpress\/ -->\n<title>Camp estivo - MGM Sport Rho<\/title>\n<meta name=\"description\" content=\"L&#039;estate prende il via con un camp ricco di sport, giochi in acqua e nuove amicizie. Tuffati in un estate all&#039;insegna del divertimento\" \/>\n<meta name=\"robots\" content=\"index, follow, max-snippet:-1, max-image-preview:large, max-video-preview:-1\" \/>\n<link rel=\"canonical\" href=\"https:\/\/mgmsport.it\/rho\/camp-estivi-invernali\/camp-estivo\/\" \/>\n<meta property=\"og:locale\" content=\"it_IT\" \/>\n<meta property=\"og:type\" content=\"article\" \/>\n<meta property=\"og:title\" content=\"Camp estivo - MGM Sport Rho\" \/>\n<meta property=\"og:description\" content=\"L&#039;estate prende il via con un camp ricco di sport, giochi in acqua e nuove amicizie. Tuffati in un estate all&#039;insegna del divertimento\" \/>\n<meta property=\"og:url\" content=\"https:\/\/mgmsport.it\/rho\/camp-estivi-invernali\/camp-estivo\/\" \/>\n<meta property=\"og:site_name\" content=\"MGM Sport Rho\" \/>\n<meta property=\"article:modified_time\" content=\"2026-03-09T12:41:34+00:00\" \/>\n<meta property=\"og:image\" content=\"https:\/\/mgmsport.it\/rho\/wp-content\/uploads\/sites\/4\/2025\/04\/IMG_1769.webp\" \/>\n\t<meta property=\"og:image:width\" content=\"1920\" \/>\n\t<meta property=\"og:image:height\" content=\"895\" \/>\n\t<meta property=\"og:image:type\" content=\"image\/webp\" \/>\n<meta name=\"twitter:card\" content=\"summary_large_image\" \/>\n<meta name=\"twitter:label1\" content=\"Tempo di lettura stimato\" \/>\n\t<meta name=\"twitter:data1\" content=\"1 minuto\" \/>\n<script type=\"application\/ld+json\" class=\"yoast-schema-graph\">{\"@context\":\"https:\\\/\\\/schema.org\",\"@graph\":[{\"@type\":\"WebPage\",\"@id\":\"https:\\\/\\\/mgmsport.it\\\/rho\\\/camp-estivi-invernali\\\/camp-estivo\\\/\",\"url\":\"https:\\\/\\\/mgmsport.it\\\/rho\\\/camp-estivi-invernali\\\/camp-estivo\\\/\",\"name\":\"Camp estivo - MGM Sport Rho\",\"isPartOf\":{\"@id\":\"https:\\\/\\\/mgmsport.it\\\/rho\\\/#website\"},\"primaryImageOfPage\":{\"@id\":\"https:\\\/\\\/mgmsport.it\\\/rho\\\/camp-estivi-invernali\\\/camp-estivo\\\/#primaryimage\"},\"image\":{\"@id\":\"https:\\\/\\\/mgmsport.it\\\/rho\\\/camp-estivi-invernali\\\/camp-estivo\\\/#primaryimage\"},\"thumbnailUrl\":\"https:\\\/\\\/mgmsport.it\\\/rho\\\/wp-content\\\/uploads\\\/sites\\\/4\\\/2025\\\/04\\\/IMG_1769.webp\",\"datePublished\":\"2025-03-18T10:33:30+00:00\",\"dateModified\":\"2026-03-09T12:41:34+00:00\",\"description\":\"L'estate prende il via con un camp ricco di sport, giochi in acqua e nuove amicizie. Tuffati in un estate all'insegna del divertimento\",\"breadcrumb\":{\"@id\":\"https:\\\/\\\/mgmsport.it\\\/rho\\\/camp-estivi-invernali\\\/camp-estivo\\\/#breadcrumb\"},\"inLanguage\":\"it-IT\",\"potentialAction\":[{\"@type\":\"ReadAction\",\"target\":[\"https:\\\/\\\/mgmsport.it\\\/rho\\\/camp-estivi-invernali\\\/camp-estivo\\\/\"]}]},{\"@type\":\"ImageObject\",\"inLanguage\":\"it-IT\",\"@id\":\"https:\\\/\\\/mgmsport.it\\\/rho\\\/camp-estivi-invernali\\\/camp-estivo\\\/#primaryimage\",\"url\":\"https:\\\/\\\/mgmsport.it\\\/rho\\\/wp-content\\\/uploads\\\/sites\\\/4\\\/2025\\\/04\\\/IMG_1769.webp\",\"contentUrl\":\"https:\\\/\\\/mgmsport.it\\\/rho\\\/wp-content\\\/uploads\\\/sites\\\/4\\\/2025\\\/04\\\/IMG_1769.webp\",\"width\":1920,\"height\":895},{\"@type\":\"BreadcrumbList\",\"@id\":\"https:\\\/\\\/mgmsport.it\\\/rho\\\/camp-estivi-invernali\\\/camp-estivo\\\/#breadcrumb\",\"itemListElement\":[{\"@type\":\"ListItem\",\"position\":1,\"name\":\"Home\",\"item\":\"https:\\\/\\\/mgmsport.it\\\/rho\\\/\"},{\"@type\":\"ListItem\",\"position\":2,\"name\":\"Camp Estivi\\\/Invernali\",\"item\":\"https:\\\/\\\/mgmsport.it\\\/rho\\\/camp-estivi-invernali\\\/\"},{\"@type\":\"ListItem\",\"position\":3,\"name\":\"Camp estivo\"}]},{\"@type\":\"WebSite\",\"@id\":\"https:\\\/\\\/mgmsport.it\\\/rho\\\/#website\",\"url\":\"https:\\\/\\\/mgmsport.it\\\/rho\\\/\",\"name\":\"MGM Sport Rho\",\"description\":\"\",\"potentialAction\":[{\"@type\":\"SearchAction\",\"target\":{\"@type\":\"EntryPoint\",\"urlTemplate\":\"https:\\\/\\\/mgmsport.it\\\/rho\\\/?s={search_term_string}\"},\"query-input\":{\"@type\":\"PropertyValueSpecification\",\"valueRequired\":true,\"valueName\":\"search_term_string\"}}],\"inLanguage\":\"it-IT\"}]}<\/script>\n<!-- \/ Yoast SEO plugin. -->","yoast_head_json":{"title":"Camp estivo - MGM Sport Rho","description":"L'estate prende il via con un camp ricco di sport, giochi in acqua e nuove amicizie. Tuffati in un estate all'insegna del divertimento","robots":{"index":"index","follow":"follow","max-snippet":"max-snippet:-1","max-image-preview":"max-image-preview:large","max-video-preview":"max-video-preview:-1"},"canonical":"https:\/\/mgmsport.it\/rho\/camp-estivi-invernali\/camp-estivo\/","og_locale":"it_IT","og_type":"article","og_title":"Camp estivo - MGM Sport Rho","og_description":"L'estate prende il via con un camp ricco di sport, giochi in acqua e nuove amicizie. Tuffati in un estate all'insegna del divertimento","og_url":"https:\/\/mgmsport.it\/rho\/camp-estivi-invernali\/camp-estivo\/","og_site_name":"MGM Sport Rho","article_modified_time":"2026-03-09T12:41:34+00:00","og_image":[{"width":1920,"height":895,"url":"https:\/\/mgmsport.it\/rho\/wp-content\/uploads\/sites\/4\/2025\/04\/IMG_1769.webp","type":"image\/webp"}],"twitter_card":"summary_large_image","twitter_misc":{"Tempo di lettura stimato":"1 minuto"},"schema":{"@context":"https:\/\/schema.org","@graph":[{"@type":"WebPage","@id":"https:\/\/mgmsport.it\/rho\/camp-estivi-invernali\/camp-estivo\/","url":"https:\/\/mgmsport.it\/rho\/camp-estivi-invernali\/camp-estivo\/","name":"Camp estivo - MGM Sport Rho","isPartOf":{"@id":"https:\/\/mgmsport.it\/rho\/#website"},"primaryImageOfPage":{"@id":"https:\/\/mgmsport.it\/rho\/camp-estivi-invernali\/camp-estivo\/#primaryimage"},"image":{"@id":"https:\/\/mgmsport.it\/rho\/camp-estivi-invernali\/camp-estivo\/#primaryimage"},"thumbnailUrl":"https:\/\/mgmsport.it\/rho\/wp-content\/uploads\/sites\/4\/2025\/04\/IMG_1769.webp","datePublished":"2025-03-18T10:33:30+00:00","dateModified":"2026-03-09T12:41:34+00:00","description":"L'estate prende il via con un camp ricco di sport, giochi in acqua e nuove amicizie. Tuffati in un estate all'insegna del divertimento","breadcrumb":{"@id":"https:\/\/mgmsport.it\/rho\/camp-estivi-invernali\/camp-estivo\/#breadcrumb"},"inLanguage":"it-IT","potentialAction":[{"@type":"ReadAction","target":["https:\/\/mgmsport.it\/rho\/camp-estivi-invernali\/camp-estivo\/"]}]},{"@type":"ImageObject","inLanguage":"it-IT","@id":"https:\/\/mgmsport.it\/rho\/camp-estivi-invernali\/camp-estivo\/#primaryimage","url":"https:\/\/mgmsport.it\/rho\/wp-content\/uploads\/sites\/4\/2025\/04\/IMG_1769.webp","contentUrl":"https:\/\/mgmsport.it\/rho\/wp-content\/uploads\/sites\/4\/2025\/04\/IMG_1769.webp","width":1920,"height":895},{"@type":"BreadcrumbList","@id":"https:\/\/mgmsport.it\/rho\/camp-estivi-invernali\/camp-estivo\/#breadcrumb","itemListElement":[{"@type":"ListItem","position":1,"name":"Home","item":"https:\/\/mgmsport.it\/rho\/"},{"@type":"ListItem","position":2,"name":"Camp Estivi\/Invernali","item":"https:\/\/mgmsport.it\/rho\/camp-estivi-invernali\/"},{"@type":"ListItem","position":3,"name":"Camp estivo"}]},{"@type":"WebSite","@id":"https:\/\/mgmsport.it\/rho\/#website","url":"https:\/\/mgmsport.it\/rho\/","name":"MGM Sport Rho","description":"","potentialAction":[{"@type":"SearchAction","target":{"@type":"EntryPoint","urlTemplate":"https:\/\/mgmsport.it\/rho\/?s={search_term_string}"},"query-input":{"@type":"PropertyValueSpecification","valueRequired":true,"valueName":"search_term_string"}}],"inLanguage":"it-IT"}]}},"_links":{"self":[{"href":"https:\/\/mgmsport.it\/rho\/wp-json\/wp\/v2\/pages\/422","targetHints":{"allow":["GET"]}}],"collection":[{"href":"https:\/\/mgmsport.it\/rho\/wp-json\/wp\/v2\/pages"}],"about":[{"href":"https:\/\/mgmsport.it\/rho\/wp-json\/wp\/v2\/types\/page"}],"author":[{"embeddable":true,"href":"https:\/\/mgmsport.it\/rho\/wp-json\/wp\/v2\/users\/1"}],"replies":[{"embeddable":true,"href":"https:\/\/mgmsport.it\/rho\/wp-json\/wp\/v2\/comments?post=422"}],"version-history":[{"count":6,"href":"https:\/\/mgmsport.it\/rho\/wp-json\/wp\/v2\/pages\/422\/revisions"}],"predecessor-version":[{"id":1415,"href":"https:\/\/mgmsport.it\/rho\/wp-json\/wp\/v2\/pages\/422\/revisions\/1415"}],"up":[{"embeddable":true,"href":"https:\/\/mgmsport.it\/rho\/wp-json\/wp\/v2\/pages\/239"}],"wp:featuredmedia":[{"embeddable":true,"href":"https:\/\/mgmsport.it\/rho\/wp-json\/wp\/v2\/media\/621"}],"wp:attachment":[{"href":"https:\/\/mgmsport.it\/rho\/wp-json\/wp\/v2\/media?parent=422"}],"wp:term":[{"taxonomy":"attivita","embeddable":true,"href":"https:\/\/mgmsport.it\/rho\/wp-json\/wp\/v2\/attivita?post=422"}],"curies":[{"name":"wp","href":"https:\/\/api.w.org\/{rel}","templated":true}]}}