{"id":55,"date":"2025-02-19T17:29:50","date_gmt":"2025-02-19T16:29:50","guid":{"rendered":"https:\/\/mgmsport.it\/rho\/?page_id=55"},"modified":"2025-09-19T09:51:10","modified_gmt":"2025-09-19T07:51:10","slug":"la-societa","status":"publish","type":"page","link":"https:\/\/mgmsport.it\/rho\/la-societa\/","title":{"rendered":"La societ\u00e0"},"content":{"rendered":"\t\t<div data-elementor-type=\"wp-page\" data-elementor-id=\"55\" class=\"elementor elementor-55\" data-elementor-post-type=\"page\">\n\t\t\t\t<div class=\"elementor-element elementor-element-ef9b6c1 e-flex e-con-boxed e-con e-parent\" data-id=\"ef9b6c1\" data-element_type=\"container\" data-e-type=\"container\" data-settings=\"{&quot;background_background&quot;:&quot;classic&quot;}\">\n\t\t\t\t\t<div class=\"e-con-inner\">\n\t\t\t\t<div class=\"elementor-element elementor-element-41ff9bf elementor-widget elementor-widget-heading\" data-id=\"41ff9bf\" data-element_type=\"widget\" data-e-type=\"widget\" data-widget_type=\"heading.default\">\n\t\t\t\t<div class=\"elementor-widget-container\">\n\t\t\t\t\t<h1 class=\"elementor-heading-title elementor-size-default\">La societ\u00e0<\/h1>\t\t\t\t<\/div>\n\t\t\t\t<\/div>\n\t\t\t\t\t<\/div>\n\t\t\t\t<\/div>\n\t\t<div class=\"elementor-element elementor-element-c4d421c e-flex e-con-boxed e-con e-parent\" data-id=\"c4d421c\" data-element_type=\"container\" data-e-type=\"container\" data-settings=\"{&quot;background_background&quot;:&quot;classic&quot;}\">\n\t\t\t\t\t<div class=\"e-con-inner\">\n\t\t\t\t<div class=\"elementor-element elementor-element-5ebccf5 elementor-widget elementor-widget-image\" data-id=\"5ebccf5\" data-element_type=\"widget\" data-e-type=\"widget\" data-widget_type=\"image.default\">\n\t\t\t\t<div class=\"elementor-widget-container\">\n\t\t\t\t\t\t\t\t\t\t\t\t\t\t\t<img fetchpriority=\"high\" decoding=\"async\" width=\"800\" height=\"536\" src=\"https:\/\/mgmsport.it\/rho\/wp-content\/uploads\/sites\/4\/2025\/05\/soci-1024x686.webp\" class=\"attachment-large size-large wp-image-788\" alt=\"\" srcset=\"https:\/\/mgmsport.it\/rho\/wp-content\/uploads\/sites\/4\/2025\/05\/soci-1024x686.webp 1024w, https:\/\/mgmsport.it\/rho\/wp-content\/uploads\/sites\/4\/2025\/05\/soci-300x201.webp 300w, https:\/\/mgmsport.it\/rho\/wp-content\/uploads\/sites\/4\/2025\/05\/soci-768x514.webp 768w, https:\/\/mgmsport.it\/rho\/wp-content\/uploads\/sites\/4\/2025\/05\/soci-1536x1029.webp 1536w, https:\/\/mgmsport.it\/rho\/wp-content\/uploads\/sites\/4\/2025\/05\/soci.webp 1757w\" sizes=\"(max-width: 800px) 100vw, 800px\" \/>\t\t\t\t\t\t\t\t\t\t\t\t\t\t\t<\/div>\n\t\t\t\t<\/div>\n\t\t\t\t<div class=\"elementor-element elementor-element-27d090f elementor-widget elementor-widget-text-editor\" data-id=\"27d090f\" data-element_type=\"widget\" data-e-type=\"widget\" data-widget_type=\"text-editor.default\">\n\t\t\t\t<div class=\"elementor-widget-container\">\n\t\t\t\t\t\t\t\t\t<p class=\"p1\">M.G.M Sport nasce nel 1985 dal sogno di due giovani studenti di Scienze Motorie, accomunati dalla passione per lo sport e, in particolare, per il nuoto. Il loro incontro avvenne in una piscina dove lavoravano come istruttori e manutentori. Fu l\u00ec che la loro amicizia e dedizione agli impianti tecnologici insieme ad un forte desiderio di innovare, li spinsero a intraprendere un percorso di crescita professionale.<\/p><p class=\"p1\">Dalla semplice assistenza alle piscine condominiali, il loro progetto si ampli\u00f2 rapidamente fino alla costruzione di nuove strutture. Il successo non si ferm\u00f2 ai confini nazionali: nei primi anni \u201990, M.G.M Sport realizz\u00f2 una piscina in un grande villaggio turistico nella citt\u00e0 di Malindi, in Kenya.<\/p><p class=\"p1\">Sempre alla ricerca di nuovi stimoli, nel 1993 i fondatori decisero di partecipare a gare per la gestione di appalti pubblici, aggiudicandosi la loro prima piscina comunale a settembre dello stesso anno. Fu l\u2019inizio di una lunga serie di acquisizioni che culminarono nei primi anni 2000, periodo in cui la societ\u00e0 conobbe una vera e propria espansione: M.G.M Sport si aggiudic\u00f2 la gestione di ben nove piscine comunali, 4 centri sportivi e inaugur\u00f2 un centro benessere privato.<\/p><p class=\"p1\">Attenta alle esigenze degli utenti, M.G.M Sport ha sempre risposto prontamente ai cambiamenti della domanda sportiva, proponendo soluzioni innovative grazie al prezioso contributo di collaboratori qualificati e dipendenti appassionati che operano all\u2019interno del gruppo.<\/p><p class=\"p1\">Da sempre poniamo grande attenzione alla sostenibilit\u00e0 ambientale, adottando con lungimiranza le tecnologie pi\u00f9 avanzate per ridurre al minimo l&#8217;impatto ecologico delle nostre strutture. La nostra costante ricerca di soluzioni innovative ci ha permesso di diventare pionieri nell&#8217;efficienza energetica, e oggi possiamo affermare con orgoglio che tutte le nostre strutture rispettano i pi\u00f9 alti standard di sostenibilit\u00e0.<\/p><p class=\"p1\">Oggi M.G.M Sport continua a crescere, mantenendo intatta la sua missione: offrire impianti sportivi di qualit\u00e0 e servizi all\u2019avanguardia, nel rispetto dei valori che hanno dato vita al sogno dei suoi fondatori.<\/p>\t\t\t\t\t\t\t\t<\/div>\n\t\t\t\t<\/div>\n\t\t<div class=\"elementor-element elementor-element-c8ee7d9 e-con-full e-flex e-con e-child\" data-id=\"c8ee7d9\" data-element_type=\"container\" data-e-type=\"container\">\n\t\t<div class=\"elementor-element elementor-element-3cbd7c5 e-con-full e-flex e-con e-child\" data-id=\"3cbd7c5\" data-element_type=\"container\" data-e-type=\"container\">\n\t\t\t\t<div class=\"elementor-element elementor-element-0ab2433 elementor-widget elementor-widget-image\" data-id=\"0ab2433\" data-element_type=\"widget\" data-e-type=\"widget\" data-widget_type=\"image.default\">\n\t\t\t\t<div class=\"elementor-widget-container\">\n\t\t\t\t\t\t\t\t\t\t\t\t\t\t\t<img decoding=\"async\" width=\"800\" height=\"535\" src=\"https:\/\/mgmsport.it\/rho\/wp-content\/uploads\/sites\/4\/2025\/05\/socio1-1024x685.webp\" class=\"attachment-large size-large wp-image-784\" alt=\"\" srcset=\"https:\/\/mgmsport.it\/rho\/wp-content\/uploads\/sites\/4\/2025\/05\/socio1-1024x685.webp 1024w, https:\/\/mgmsport.it\/rho\/wp-content\/uploads\/sites\/4\/2025\/05\/socio1-300x201.webp 300w, https:\/\/mgmsport.it\/rho\/wp-content\/uploads\/sites\/4\/2025\/05\/socio1-768x514.webp 768w, https:\/\/mgmsport.it\/rho\/wp-content\/uploads\/sites\/4\/2025\/05\/socio1-1536x1028.webp 1536w, https:\/\/mgmsport.it\/rho\/wp-content\/uploads\/sites\/4\/2025\/05\/socio1.webp 1774w\" sizes=\"(max-width: 800px) 100vw, 800px\" \/>\t\t\t\t\t\t\t\t\t\t\t\t\t\t\t<\/div>\n\t\t\t\t<\/div>\n\t\t\t\t<\/div>\n\t\t<div class=\"elementor-element elementor-element-9ea3f9f e-con-full e-flex e-con e-child\" data-id=\"9ea3f9f\" data-element_type=\"container\" data-e-type=\"container\">\n\t\t\t\t<div class=\"elementor-element elementor-element-c17d2b7 elementor-widget elementor-widget-image\" data-id=\"c17d2b7\" data-element_type=\"widget\" data-e-type=\"widget\" data-widget_type=\"image.default\">\n\t\t\t\t<div class=\"elementor-widget-container\">\n\t\t\t\t\t\t\t\t\t\t\t\t\t\t\t<img decoding=\"async\" width=\"800\" height=\"533\" src=\"https:\/\/mgmsport.it\/rho\/wp-content\/uploads\/sites\/4\/2025\/05\/socio2-1024x682.webp\" class=\"attachment-large size-large wp-image-787\" alt=\"\" srcset=\"https:\/\/mgmsport.it\/rho\/wp-content\/uploads\/sites\/4\/2025\/05\/socio2-1024x682.webp 1024w, https:\/\/mgmsport.it\/rho\/wp-content\/uploads\/sites\/4\/2025\/05\/socio2-300x200.webp 300w, https:\/\/mgmsport.it\/rho\/wp-content\/uploads\/sites\/4\/2025\/05\/socio2-768x511.webp 768w, https:\/\/mgmsport.it\/rho\/wp-content\/uploads\/sites\/4\/2025\/05\/socio2-1536x1023.webp 1536w, https:\/\/mgmsport.it\/rho\/wp-content\/uploads\/sites\/4\/2025\/05\/socio2.webp 1759w\" sizes=\"(max-width: 800px) 100vw, 800px\" \/>\t\t\t\t\t\t\t\t\t\t\t\t\t\t\t<\/div>\n\t\t\t\t<\/div>\n\t\t\t\t<\/div>\n\t\t\t\t<\/div>\n\t\t\t\t\t<\/div>\n\t\t\t\t<\/div>\n\t\t\t\t<\/div>\n\t\t","protected":false},"excerpt":{"rendered":"<p>La societ\u00e0 M.G.M Sport nasce nel 1985 dal sogno di due giovani studenti di Scienze Motorie, accomunati dalla passione per lo sport e, in particolare, per il nuoto. Il loro incontro avvenne in una piscina dove lavoravano come istruttori e manutentori. Fu l\u00ec che la loro amicizia e dedizione agli impianti tecnologici insieme ad un [&hellip;]<\/p>\n","protected":false},"author":1,"featured_media":0,"parent":0,"menu_order":0,"comment_status":"closed","ping_status":"closed","template":"","meta":{"_acf_changed":false,"footnotes":""},"attivita":[],"class_list":["post-55","page","type-page","status-publish","hentry"],"acf":[],"yoast_head":"<!-- This site is optimized with the Yoast SEO plugin v27.3 - https:\/\/yoast.com\/product\/yoast-seo-wordpress\/ -->\n<title>La societ\u00e0 - MGM Sport Rho<\/title>\n<meta name=\"robots\" content=\"index, follow, max-snippet:-1, max-image-preview:large, max-video-preview:-1\" \/>\n<link rel=\"canonical\" href=\"https:\/\/mgmsport.it\/rho\/la-societa\/\" \/>\n<meta property=\"og:locale\" content=\"it_IT\" \/>\n<meta property=\"og:type\" content=\"article\" \/>\n<meta property=\"og:title\" content=\"La societ\u00e0 - MGM Sport Rho\" \/>\n<meta property=\"og:description\" content=\"La societ\u00e0 M.G.M Sport nasce nel 1985 dal sogno di due giovani studenti di Scienze Motorie, accomunati dalla passione per lo sport e, in particolare, per il nuoto. Il loro incontro avvenne in una piscina dove lavoravano come istruttori e manutentori. Fu l\u00ec che la loro amicizia e dedizione agli impianti tecnologici insieme ad un [&hellip;]\" \/>\n<meta property=\"og:url\" content=\"https:\/\/mgmsport.it\/rho\/la-societa\/\" \/>\n<meta property=\"og:site_name\" content=\"MGM Sport Rho\" \/>\n<meta property=\"article:modified_time\" content=\"2025-09-19T07:51:10+00:00\" \/>\n<meta property=\"og:image\" content=\"https:\/\/mgmsport.it\/rho\/wp-content\/uploads\/sites\/4\/2025\/05\/soci.webp\" \/>\n\t<meta property=\"og:image:width\" content=\"1757\" \/>\n\t<meta property=\"og:image:height\" content=\"1177\" \/>\n\t<meta property=\"og:image:type\" content=\"image\/webp\" \/>\n<meta name=\"twitter:card\" content=\"summary_large_image\" \/>\n<meta name=\"twitter:label1\" content=\"Tempo di lettura stimato\" \/>\n\t<meta name=\"twitter:data1\" content=\"4 minuti\" \/>\n<script type=\"application\/ld+json\" class=\"yoast-schema-graph\">{\"@context\":\"https:\\\/\\\/schema.org\",\"@graph\":[{\"@type\":\"WebPage\",\"@id\":\"https:\\\/\\\/mgmsport.it\\\/rho\\\/la-societa\\\/\",\"url\":\"https:\\\/\\\/mgmsport.it\\\/rho\\\/la-societa\\\/\",\"name\":\"La societ\u00e0 - MGM Sport Rho\",\"isPartOf\":{\"@id\":\"https:\\\/\\\/mgmsport.it\\\/rho\\\/#website\"},\"primaryImageOfPage\":{\"@id\":\"https:\\\/\\\/mgmsport.it\\\/rho\\\/la-societa\\\/#primaryimage\"},\"image\":{\"@id\":\"https:\\\/\\\/mgmsport.it\\\/rho\\\/la-societa\\\/#primaryimage\"},\"thumbnailUrl\":\"https:\\\/\\\/mgmsport.it\\\/rho\\\/wp-content\\\/uploads\\\/sites\\\/4\\\/2025\\\/05\\\/soci-1024x686.webp\",\"datePublished\":\"2025-02-19T16:29:50+00:00\",\"dateModified\":\"2025-09-19T07:51:10+00:00\",\"breadcrumb\":{\"@id\":\"https:\\\/\\\/mgmsport.it\\\/rho\\\/la-societa\\\/#breadcrumb\"},\"inLanguage\":\"it-IT\",\"potentialAction\":[{\"@type\":\"ReadAction\",\"target\":[\"https:\\\/\\\/mgmsport.it\\\/rho\\\/la-societa\\\/\"]}]},{\"@type\":\"ImageObject\",\"inLanguage\":\"it-IT\",\"@id\":\"https:\\\/\\\/mgmsport.it\\\/rho\\\/la-societa\\\/#primaryimage\",\"url\":\"https:\\\/\\\/mgmsport.it\\\/rho\\\/wp-content\\\/uploads\\\/sites\\\/4\\\/2025\\\/05\\\/soci.webp\",\"contentUrl\":\"https:\\\/\\\/mgmsport.it\\\/rho\\\/wp-content\\\/uploads\\\/sites\\\/4\\\/2025\\\/05\\\/soci.webp\",\"width\":1757,\"height\":1177},{\"@type\":\"BreadcrumbList\",\"@id\":\"https:\\\/\\\/mgmsport.it\\\/rho\\\/la-societa\\\/#breadcrumb\",\"itemListElement\":[{\"@type\":\"ListItem\",\"position\":1,\"name\":\"Home\",\"item\":\"https:\\\/\\\/mgmsport.it\\\/rho\\\/\"},{\"@type\":\"ListItem\",\"position\":2,\"name\":\"La societ\u00e0\"}]},{\"@type\":\"WebSite\",\"@id\":\"https:\\\/\\\/mgmsport.it\\\/rho\\\/#website\",\"url\":\"https:\\\/\\\/mgmsport.it\\\/rho\\\/\",\"name\":\"MGM Sport Rho\",\"description\":\"\",\"potentialAction\":[{\"@type\":\"SearchAction\",\"target\":{\"@type\":\"EntryPoint\",\"urlTemplate\":\"https:\\\/\\\/mgmsport.it\\\/rho\\\/?s={search_term_string}\"},\"query-input\":{\"@type\":\"PropertyValueSpecification\",\"valueRequired\":true,\"valueName\":\"search_term_string\"}}],\"inLanguage\":\"it-IT\"}]}<\/script>\n<!-- \/ Yoast SEO plugin. -->","yoast_head_json":{"title":"La societ\u00e0 - MGM Sport Rho","robots":{"index":"index","follow":"follow","max-snippet":"max-snippet:-1","max-image-preview":"max-image-preview:large","max-video-preview":"max-video-preview:-1"},"canonical":"https:\/\/mgmsport.it\/rho\/la-societa\/","og_locale":"it_IT","og_type":"article","og_title":"La societ\u00e0 - MGM Sport Rho","og_description":"La societ\u00e0 M.G.M Sport nasce nel 1985 dal sogno di due giovani studenti di Scienze Motorie, accomunati dalla passione per lo sport e, in particolare, per il nuoto. Il loro incontro avvenne in una piscina dove lavoravano come istruttori e manutentori. Fu l\u00ec che la loro amicizia e dedizione agli impianti tecnologici insieme ad un [&hellip;]","og_url":"https:\/\/mgmsport.it\/rho\/la-societa\/","og_site_name":"MGM Sport Rho","article_modified_time":"2025-09-19T07:51:10+00:00","og_image":[{"width":1757,"height":1177,"url":"https:\/\/mgmsport.it\/rho\/wp-content\/uploads\/sites\/4\/2025\/05\/soci.webp","type":"image\/webp"}],"twitter_card":"summary_large_image","twitter_misc":{"Tempo di lettura stimato":"4 minuti"},"schema":{"@context":"https:\/\/schema.org","@graph":[{"@type":"WebPage","@id":"https:\/\/mgmsport.it\/rho\/la-societa\/","url":"https:\/\/mgmsport.it\/rho\/la-societa\/","name":"La societ\u00e0 - MGM Sport Rho","isPartOf":{"@id":"https:\/\/mgmsport.it\/rho\/#website"},"primaryImageOfPage":{"@id":"https:\/\/mgmsport.it\/rho\/la-societa\/#primaryimage"},"image":{"@id":"https:\/\/mgmsport.it\/rho\/la-societa\/#primaryimage"},"thumbnailUrl":"https:\/\/mgmsport.it\/rho\/wp-content\/uploads\/sites\/4\/2025\/05\/soci-1024x686.webp","datePublished":"2025-02-19T16:29:50+00:00","dateModified":"2025-09-19T07:51:10+00:00","breadcrumb":{"@id":"https:\/\/mgmsport.it\/rho\/la-societa\/#breadcrumb"},"inLanguage":"it-IT","potentialAction":[{"@type":"ReadAction","target":["https:\/\/mgmsport.it\/rho\/la-societa\/"]}]},{"@type":"ImageObject","inLanguage":"it-IT","@id":"https:\/\/mgmsport.it\/rho\/la-societa\/#primaryimage","url":"https:\/\/mgmsport.it\/rho\/wp-content\/uploads\/sites\/4\/2025\/05\/soci.webp","contentUrl":"https:\/\/mgmsport.it\/rho\/wp-content\/uploads\/sites\/4\/2025\/05\/soci.webp","width":1757,"height":1177},{"@type":"BreadcrumbList","@id":"https:\/\/mgmsport.it\/rho\/la-societa\/#breadcrumb","itemListElement":[{"@type":"ListItem","position":1,"name":"Home","item":"https:\/\/mgmsport.it\/rho\/"},{"@type":"ListItem","position":2,"name":"La societ\u00e0"}]},{"@type":"WebSite","@id":"https:\/\/mgmsport.it\/rho\/#website","url":"https:\/\/mgmsport.it\/rho\/","name":"MGM Sport Rho","description":"","potentialAction":[{"@type":"SearchAction","target":{"@type":"EntryPoint","urlTemplate":"https:\/\/mgmsport.it\/rho\/?s={search_term_string}"},"query-input":{"@type":"PropertyValueSpecification","valueRequired":true,"valueName":"search_term_string"}}],"inLanguage":"it-IT"}]}},"_links":{"self":[{"href":"https:\/\/mgmsport.it\/rho\/wp-json\/wp\/v2\/pages\/55","targetHints":{"allow":["GET"]}}],"collection":[{"href":"https:\/\/mgmsport.it\/rho\/wp-json\/wp\/v2\/pages"}],"about":[{"href":"https:\/\/mgmsport.it\/rho\/wp-json\/wp\/v2\/types\/page"}],"author":[{"embeddable":true,"href":"https:\/\/mgmsport.it\/rho\/wp-json\/wp\/v2\/users\/1"}],"replies":[{"embeddable":true,"href":"https:\/\/mgmsport.it\/rho\/wp-json\/wp\/v2\/comments?post=55"}],"version-history":[{"count":28,"href":"https:\/\/mgmsport.it\/rho\/wp-json\/wp\/v2\/pages\/55\/revisions"}],"predecessor-version":[{"id":1264,"href":"https:\/\/mgmsport.it\/rho\/wp-json\/wp\/v2\/pages\/55\/revisions\/1264"}],"wp:attachment":[{"href":"https:\/\/mgmsport.it\/rho\/wp-json\/wp\/v2\/media?parent=55"}],"wp:term":[{"taxonomy":"attivita","embeddable":true,"href":"https:\/\/mgmsport.it\/rho\/wp-json\/wp\/v2\/attivita?post=55"}],"curies":[{"name":"wp","href":"https:\/\/api.w.org\/{rel}","templated":true}]}}