{"id":75,"date":"2025-02-20T14:21:14","date_gmt":"2025-02-20T13:21:14","guid":{"rendered":"https:\/\/mgmsport.it\/rho\/?page_id=75"},"modified":"2025-06-20T15:35:39","modified_gmt":"2025-06-20T13:35:39","slug":"popy","status":"publish","type":"page","link":"https:\/\/mgmsport.it\/rho\/nuoto\/popy\/","title":{"rendered":"Popy"},"content":{"rendered":"\n<h2 class=\"wp-block-heading\">3 &#8211; 5 anni <\/h2>\n\n\n\n<p>Il corso POPY \u00e8 rivolto ai bambini dai 3 ai 5 anni.<\/p>\n\n\n\n<p>Le attivit\u00e0 si svolgono in una vasca con acqua bassa e con un istruttore in acqua con loro.<\/p>\n\n\n\n<p>L&#8217;obiettivo del corso \u00e8 la SCOPERTA dell&#8217;AMBIENTE ACQUATICO attraverso il GIOCO ed ESERCIZI di ACQUATICITA&#8217;.<\/p>\n\n\n\n<p>I bambini impareranno ad adattare gli schemi motori terrestri all&#8217;ambiente acquatico. Inoltre, acquisiranno gli SCHEMI MOTORI ACQUATICI (immergersi, galleggiare, scivolamenti) fondamentali per il futuro apprendimento delle tecniche di nuotata.<\/p>\n","protected":false},"excerpt":{"rendered":"<p>3 &#8211; 5 anni Il corso POPY \u00e8 rivolto ai bambini dai 3 ai 5 anni. Le attivit\u00e0 si svolgono in una vasca con acqua bassa e con un istruttore in acqua con loro. L&#8217;obiettivo del corso \u00e8 la SCOPERTA dell&#8217;AMBIENTE ACQUATICO attraverso il GIOCO ed ESERCIZI di ACQUATICITA&#8217;. I bambini impareranno ad adattare gli [&hellip;]<\/p>\n","protected":false},"author":1,"featured_media":613,"parent":70,"menu_order":0,"comment_status":"closed","ping_status":"closed","template":"","meta":{"_acf_changed":false,"footnotes":""},"attivita":[7],"class_list":["post-75","page","type-page","status-publish","has-post-thumbnail","hentry"],"acf":[],"yoast_head":"<!-- This site is optimized with the Yoast SEO plugin v27.3 - https:\/\/yoast.com\/product\/yoast-seo-wordpress\/ -->\n<title>Popy - MGM Sport Rho<\/title>\n<meta name=\"robots\" content=\"index, follow, max-snippet:-1, max-image-preview:large, max-video-preview:-1\" \/>\n<link rel=\"canonical\" href=\"https:\/\/mgmsport.it\/rho\/nuoto\/popy\/\" \/>\n<meta property=\"og:locale\" content=\"it_IT\" \/>\n<meta property=\"og:type\" content=\"article\" \/>\n<meta property=\"og:title\" content=\"Popy - MGM Sport Rho\" \/>\n<meta property=\"og:description\" content=\"3 &#8211; 5 anni Il corso POPY \u00e8 rivolto ai bambini dai 3 ai 5 anni. Le attivit\u00e0 si svolgono in una vasca con acqua bassa e con un istruttore in acqua con loro. L&#8217;obiettivo del corso \u00e8 la SCOPERTA dell&#8217;AMBIENTE ACQUATICO attraverso il GIOCO ed ESERCIZI di ACQUATICITA&#8217;. I bambini impareranno ad adattare gli [&hellip;]\" \/>\n<meta property=\"og:url\" content=\"https:\/\/mgmsport.it\/rho\/nuoto\/popy\/\" \/>\n<meta property=\"og:site_name\" content=\"MGM Sport Rho\" \/>\n<meta property=\"article:modified_time\" content=\"2025-06-20T13:35:39+00:00\" \/>\n<meta property=\"og:image\" content=\"https:\/\/mgmsport.it\/rho\/wp-content\/uploads\/sites\/4\/2025\/04\/kid-learns-to-swim-in-pool-swimming-instructor-te-2025-03-14-01-41-43-utc.webp\" \/>\n\t<meta property=\"og:image:width\" content=\"1920\" \/>\n\t<meta property=\"og:image:height\" content=\"1280\" \/>\n\t<meta property=\"og:image:type\" content=\"image\/webp\" \/>\n<meta name=\"twitter:card\" content=\"summary_large_image\" \/>\n<meta name=\"twitter:label1\" content=\"Tempo di lettura stimato\" \/>\n\t<meta name=\"twitter:data1\" content=\"1 minuto\" \/>\n<script type=\"application\/ld+json\" class=\"yoast-schema-graph\">{\"@context\":\"https:\\\/\\\/schema.org\",\"@graph\":[{\"@type\":\"WebPage\",\"@id\":\"https:\\\/\\\/mgmsport.it\\\/rho\\\/nuoto\\\/popy\\\/\",\"url\":\"https:\\\/\\\/mgmsport.it\\\/rho\\\/nuoto\\\/popy\\\/\",\"name\":\"Popy - MGM Sport Rho\",\"isPartOf\":{\"@id\":\"https:\\\/\\\/mgmsport.it\\\/rho\\\/#website\"},\"primaryImageOfPage\":{\"@id\":\"https:\\\/\\\/mgmsport.it\\\/rho\\\/nuoto\\\/popy\\\/#primaryimage\"},\"image\":{\"@id\":\"https:\\\/\\\/mgmsport.it\\\/rho\\\/nuoto\\\/popy\\\/#primaryimage\"},\"thumbnailUrl\":\"https:\\\/\\\/mgmsport.it\\\/rho\\\/wp-content\\\/uploads\\\/sites\\\/4\\\/2025\\\/04\\\/kid-learns-to-swim-in-pool-swimming-instructor-te-2025-03-14-01-41-43-utc.webp\",\"datePublished\":\"2025-02-20T13:21:14+00:00\",\"dateModified\":\"2025-06-20T13:35:39+00:00\",\"breadcrumb\":{\"@id\":\"https:\\\/\\\/mgmsport.it\\\/rho\\\/nuoto\\\/popy\\\/#breadcrumb\"},\"inLanguage\":\"it-IT\",\"potentialAction\":[{\"@type\":\"ReadAction\",\"target\":[\"https:\\\/\\\/mgmsport.it\\\/rho\\\/nuoto\\\/popy\\\/\"]}]},{\"@type\":\"ImageObject\",\"inLanguage\":\"it-IT\",\"@id\":\"https:\\\/\\\/mgmsport.it\\\/rho\\\/nuoto\\\/popy\\\/#primaryimage\",\"url\":\"https:\\\/\\\/mgmsport.it\\\/rho\\\/wp-content\\\/uploads\\\/sites\\\/4\\\/2025\\\/04\\\/kid-learns-to-swim-in-pool-swimming-instructor-te-2025-03-14-01-41-43-utc.webp\",\"contentUrl\":\"https:\\\/\\\/mgmsport.it\\\/rho\\\/wp-content\\\/uploads\\\/sites\\\/4\\\/2025\\\/04\\\/kid-learns-to-swim-in-pool-swimming-instructor-te-2025-03-14-01-41-43-utc.webp\",\"width\":1920,\"height\":1280},{\"@type\":\"BreadcrumbList\",\"@id\":\"https:\\\/\\\/mgmsport.it\\\/rho\\\/nuoto\\\/popy\\\/#breadcrumb\",\"itemListElement\":[{\"@type\":\"ListItem\",\"position\":1,\"name\":\"Home\",\"item\":\"https:\\\/\\\/mgmsport.it\\\/rho\\\/\"},{\"@type\":\"ListItem\",\"position\":2,\"name\":\"Nuoto\",\"item\":\"https:\\\/\\\/mgmsport.it\\\/rho\\\/nuoto\\\/\"},{\"@type\":\"ListItem\",\"position\":3,\"name\":\"Popy\"}]},{\"@type\":\"WebSite\",\"@id\":\"https:\\\/\\\/mgmsport.it\\\/rho\\\/#website\",\"url\":\"https:\\\/\\\/mgmsport.it\\\/rho\\\/\",\"name\":\"MGM Sport Rho\",\"description\":\"\",\"potentialAction\":[{\"@type\":\"SearchAction\",\"target\":{\"@type\":\"EntryPoint\",\"urlTemplate\":\"https:\\\/\\\/mgmsport.it\\\/rho\\\/?s={search_term_string}\"},\"query-input\":{\"@type\":\"PropertyValueSpecification\",\"valueRequired\":true,\"valueName\":\"search_term_string\"}}],\"inLanguage\":\"it-IT\"}]}<\/script>\n<!-- \/ Yoast SEO plugin. -->","yoast_head_json":{"title":"Popy - MGM Sport Rho","robots":{"index":"index","follow":"follow","max-snippet":"max-snippet:-1","max-image-preview":"max-image-preview:large","max-video-preview":"max-video-preview:-1"},"canonical":"https:\/\/mgmsport.it\/rho\/nuoto\/popy\/","og_locale":"it_IT","og_type":"article","og_title":"Popy - MGM Sport Rho","og_description":"3 &#8211; 5 anni Il corso POPY \u00e8 rivolto ai bambini dai 3 ai 5 anni. Le attivit\u00e0 si svolgono in una vasca con acqua bassa e con un istruttore in acqua con loro. L&#8217;obiettivo del corso \u00e8 la SCOPERTA dell&#8217;AMBIENTE ACQUATICO attraverso il GIOCO ed ESERCIZI di ACQUATICITA&#8217;. I bambini impareranno ad adattare gli [&hellip;]","og_url":"https:\/\/mgmsport.it\/rho\/nuoto\/popy\/","og_site_name":"MGM Sport Rho","article_modified_time":"2025-06-20T13:35:39+00:00","og_image":[{"width":1920,"height":1280,"url":"https:\/\/mgmsport.it\/rho\/wp-content\/uploads\/sites\/4\/2025\/04\/kid-learns-to-swim-in-pool-swimming-instructor-te-2025-03-14-01-41-43-utc.webp","type":"image\/webp"}],"twitter_card":"summary_large_image","twitter_misc":{"Tempo di lettura stimato":"1 minuto"},"schema":{"@context":"https:\/\/schema.org","@graph":[{"@type":"WebPage","@id":"https:\/\/mgmsport.it\/rho\/nuoto\/popy\/","url":"https:\/\/mgmsport.it\/rho\/nuoto\/popy\/","name":"Popy - MGM Sport Rho","isPartOf":{"@id":"https:\/\/mgmsport.it\/rho\/#website"},"primaryImageOfPage":{"@id":"https:\/\/mgmsport.it\/rho\/nuoto\/popy\/#primaryimage"},"image":{"@id":"https:\/\/mgmsport.it\/rho\/nuoto\/popy\/#primaryimage"},"thumbnailUrl":"https:\/\/mgmsport.it\/rho\/wp-content\/uploads\/sites\/4\/2025\/04\/kid-learns-to-swim-in-pool-swimming-instructor-te-2025-03-14-01-41-43-utc.webp","datePublished":"2025-02-20T13:21:14+00:00","dateModified":"2025-06-20T13:35:39+00:00","breadcrumb":{"@id":"https:\/\/mgmsport.it\/rho\/nuoto\/popy\/#breadcrumb"},"inLanguage":"it-IT","potentialAction":[{"@type":"ReadAction","target":["https:\/\/mgmsport.it\/rho\/nuoto\/popy\/"]}]},{"@type":"ImageObject","inLanguage":"it-IT","@id":"https:\/\/mgmsport.it\/rho\/nuoto\/popy\/#primaryimage","url":"https:\/\/mgmsport.it\/rho\/wp-content\/uploads\/sites\/4\/2025\/04\/kid-learns-to-swim-in-pool-swimming-instructor-te-2025-03-14-01-41-43-utc.webp","contentUrl":"https:\/\/mgmsport.it\/rho\/wp-content\/uploads\/sites\/4\/2025\/04\/kid-learns-to-swim-in-pool-swimming-instructor-te-2025-03-14-01-41-43-utc.webp","width":1920,"height":1280},{"@type":"BreadcrumbList","@id":"https:\/\/mgmsport.it\/rho\/nuoto\/popy\/#breadcrumb","itemListElement":[{"@type":"ListItem","position":1,"name":"Home","item":"https:\/\/mgmsport.it\/rho\/"},{"@type":"ListItem","position":2,"name":"Nuoto","item":"https:\/\/mgmsport.it\/rho\/nuoto\/"},{"@type":"ListItem","position":3,"name":"Popy"}]},{"@type":"WebSite","@id":"https:\/\/mgmsport.it\/rho\/#website","url":"https:\/\/mgmsport.it\/rho\/","name":"MGM Sport Rho","description":"","potentialAction":[{"@type":"SearchAction","target":{"@type":"EntryPoint","urlTemplate":"https:\/\/mgmsport.it\/rho\/?s={search_term_string}"},"query-input":{"@type":"PropertyValueSpecification","valueRequired":true,"valueName":"search_term_string"}}],"inLanguage":"it-IT"}]}},"_links":{"self":[{"href":"https:\/\/mgmsport.it\/rho\/wp-json\/wp\/v2\/pages\/75","targetHints":{"allow":["GET"]}}],"collection":[{"href":"https:\/\/mgmsport.it\/rho\/wp-json\/wp\/v2\/pages"}],"about":[{"href":"https:\/\/mgmsport.it\/rho\/wp-json\/wp\/v2\/types\/page"}],"author":[{"embeddable":true,"href":"https:\/\/mgmsport.it\/rho\/wp-json\/wp\/v2\/users\/1"}],"replies":[{"embeddable":true,"href":"https:\/\/mgmsport.it\/rho\/wp-json\/wp\/v2\/comments?post=75"}],"version-history":[{"count":6,"href":"https:\/\/mgmsport.it\/rho\/wp-json\/wp\/v2\/pages\/75\/revisions"}],"predecessor-version":[{"id":1048,"href":"https:\/\/mgmsport.it\/rho\/wp-json\/wp\/v2\/pages\/75\/revisions\/1048"}],"up":[{"embeddable":true,"href":"https:\/\/mgmsport.it\/rho\/wp-json\/wp\/v2\/pages\/70"}],"wp:featuredmedia":[{"embeddable":true,"href":"https:\/\/mgmsport.it\/rho\/wp-json\/wp\/v2\/media\/613"}],"wp:attachment":[{"href":"https:\/\/mgmsport.it\/rho\/wp-json\/wp\/v2\/media?parent=75"}],"wp:term":[{"taxonomy":"attivita","embeddable":true,"href":"https:\/\/mgmsport.it\/rho\/wp-json\/wp\/v2\/attivita?post=75"}],"curies":[{"name":"wp","href":"https:\/\/api.w.org\/{rel}","templated":true}]}}